{"id":3122,"date":"2022-02-17T15:47:07","date_gmt":"2022-02-17T15:47:07","guid":{"rendered":"https:\/\/k-invest.hr\/?page_id=3122"},"modified":"2026-03-31T15:37:06","modified_gmt":"2026-03-31T15:37:06","slug":"property-management","status":"publish","type":"page","link":"https:\/\/k-invest.hr\/sl\/property-management\/","title":{"rendered":"UPRAVLJANJE Z NEPREMI\u010cNINAMI"},"content":{"rendered":"<div data-elementor-type=\"wp-page\" data-elementor-id=\"3122\" class=\"elementor elementor-3122\" data-elementor-post-type=\"page\">\n\t\t\t\t\t\t<section class=\"elementor-section elementor-top-section elementor-element elementor-element-4ab4835 elementor-section-boxed elementor-section-height-default elementor-section-height-default qodef-elementor-content-no\" data-id=\"4ab4835\" data-element_type=\"section\" data-e-type=\"section\">\n\t\t\t\t\t\t<div class=\"elementor-container elementor-column-gap-default\">\n\t\t\t\t\t<div class=\"elementor-column elementor-col-100 elementor-top-column elementor-element elementor-element-7fbbe9d\" data-id=\"7fbbe9d\" data-element_type=\"column\" data-e-type=\"column\">\n\t\t\t<div class=\"elementor-widget-wrap elementor-element-populated\">\n\t\t\t\t\t\t<div class=\"elementor-element elementor-element-b9ce7fc elementor-widget elementor-widget-heading\" data-id=\"b9ce7fc\" data-element_type=\"widget\" data-e-type=\"widget\" data-widget_type=\"heading.default\">\n\t\t\t\t<div class=\"elementor-widget-container\">\n\t\t\t\t\t<h2 class=\"elementor-heading-title elementor-size-default\">K! PREMO\u017dENJE <\/h2>\t\t\t\t<\/div>\n\t\t\t\t<\/div>\n\t\t\t\t\t<\/div>\n\t\t<\/div>\n\t\t\t\t\t<\/div>\n\t\t<\/section>\n\t\t<div class=\"elementor-element elementor-element-ab4be8d elementor-hidden-tablet elementor-hidden-mobile e-flex e-con-boxed e-con e-parent\" data-id=\"ab4be8d\" data-element_type=\"container\" data-e-type=\"container\" data-settings=\"{&quot;background_background&quot;:&quot;classic&quot;}\">\n\t\t\t\t\t<div class=\"e-con-inner\">\n\t\t\t\t<div class=\"elementor-element elementor-element-70a309f elementor-widget elementor-widget-heading\" data-id=\"70a309f\" data-element_type=\"widget\" data-e-type=\"widget\" data-widget_type=\"heading.default\">\n\t\t\t\t<div class=\"elementor-widget-container\">\n\t\t\t\t\t<h3 class=\"elementor-heading-title elementor-size-default\">Celovita skrb za nepremi\u010dnine<\/h3>\t\t\t\t<\/div>\n\t\t\t\t<\/div>\n\t\t\t\t<div class=\"elementor-element elementor-element-4f07b35 elementor-widget elementor-widget-text-editor\" data-id=\"4f07b35\" data-element_type=\"widget\" data-e-type=\"widget\" data-widget_type=\"text-editor.default\">\n\t\t\t\t<div class=\"elementor-widget-container\">\n\t\t\t\t\t\t\t\t\t<p>Premium vzdr\u017eevanje in upravljanje va\u0161e nepremi\u010dnine \u2013 prilagojeno va\u0161im potrebam.<\/p>\t\t\t\t\t\t\t\t<\/div>\n\t\t\t\t<\/div>\n\t\t\t\t\t<\/div>\n\t\t\t\t<\/div>\n\t\t<div class=\"elementor-element elementor-element-9568e60 elementor-hidden-desktop e-flex e-con-boxed e-con e-parent\" data-id=\"9568e60\" data-element_type=\"container\" data-e-type=\"container\" data-settings=\"{&quot;background_background&quot;:&quot;classic&quot;}\">\n\t\t\t\t\t<div class=\"e-con-inner\">\n\t\t\t\t<div class=\"elementor-element elementor-element-aa5e995 elementor-widget elementor-widget-heading\" data-id=\"aa5e995\" data-element_type=\"widget\" data-e-type=\"widget\" data-widget_type=\"heading.default\">\n\t\t\t\t<div class=\"elementor-widget-container\">\n\t\t\t\t\t<h3 class=\"elementor-heading-title elementor-size-default\">Celovita skrb za nepremi\u010dnine<\/h3>\t\t\t\t<\/div>\n\t\t\t\t<\/div>\n\t\t\t\t<div class=\"elementor-element elementor-element-11b5983 elementor-widget elementor-widget-text-editor\" data-id=\"11b5983\" data-element_type=\"widget\" data-e-type=\"widget\" data-widget_type=\"text-editor.default\">\n\t\t\t\t<div class=\"elementor-widget-container\">\n\t\t\t\t\t\t\t\t\t<p>Premium vzdr\u017eevanje in upravljanje va\u0161e nepremi\u010dnine \u2013 prilagojeno va\u0161im potrebam.<\/p>\t\t\t\t\t\t\t\t<\/div>\n\t\t\t\t<\/div>\n\t\t\t\t\t<\/div>\n\t\t\t\t<\/div>\n\t\t<div class=\"elementor-element elementor-element-beefdc6 e-flex e-con-boxed e-con e-parent\" data-id=\"beefdc6\" data-element_type=\"container\" data-e-type=\"container\">\n\t\t\t\t\t<div class=\"e-con-inner\">\n\t\t\t\t<div class=\"elementor-element elementor-element-4afae8d elementor-widget elementor-widget-heading\" data-id=\"4afae8d\" data-element_type=\"widget\" data-e-type=\"widget\" data-widget_type=\"heading.default\">\n\t\t\t\t<div class=\"elementor-widget-container\">\n\t\t\t\t\t<h3 class=\"elementor-heading-title elementor-size-default\">Zakaj izbrati na\u0161e storitve?<\/h3>\t\t\t\t<\/div>\n\t\t\t\t<\/div>\n\t\t\t\t<div class=\"elementor-element elementor-element-e8ea5a5 elementor-widget elementor-widget-text-editor\" data-id=\"e8ea5a5\" data-element_type=\"widget\" data-e-type=\"widget\" data-widget_type=\"text-editor.default\">\n\t\t\t\t<div class=\"elementor-widget-container\">\n\t\t\t\t\t\t\t\t\t<p>Va\u0161a nepremi\u010dnina je v varnih in zanesljivih rokah. Ne glede na to, ali jo uporabljate ob\u010dasno ali kot investicijo \u2013 poskrbimo za vsako podrobnost, da vam ni treba.<\/p>\t\t\t\t\t\t\t\t<\/div>\n\t\t\t\t<\/div>\n\t\t\t\t<div class=\"elementor-element elementor-element-f455155 elementor-widget elementor-widget-heading\" data-id=\"f455155\" data-element_type=\"widget\" data-e-type=\"widget\" data-widget_type=\"heading.default\">\n\t\t\t\t<div class=\"elementor-widget-container\">\n\t\t\t\t\t<h3 class=\"elementor-heading-title elementor-size-default\">Na\u0161e storitve<\/h3>\t\t\t\t<\/div>\n\t\t\t\t<\/div>\n\t\t\t\t\t<\/div>\n\t\t\t\t<\/div>\n\t\t<div class=\"elementor-element elementor-element-11c6b0f e-flex e-con-boxed e-con e-parent\" data-id=\"11c6b0f\" data-element_type=\"container\" data-e-type=\"container\">\n\t\t\t\t\t<div class=\"e-con-inner\">\n\t\t<div class=\"elementor-element elementor-element-3e4847c e-con-full e-flex e-con e-child\" data-id=\"3e4847c\" data-element_type=\"container\" data-e-type=\"container\" data-settings=\"{&quot;background_background&quot;:&quot;classic&quot;}\">\n\t\t\t\t<div class=\"elementor-element elementor-element-188de94 elementor-widget elementor-widget-qi_addons_for_elementor_icon_with_text\" data-id=\"188de94\" data-element_type=\"widget\" data-e-type=\"widget\" data-widget_type=\"qi_addons_for_elementor_icon_with_text.default\">\n\t\t\t\t<div class=\"elementor-widget-container\">\n\t\t\t\t\t<div class=\"qodef-shortcode qodef-m qodef-qi-icon-with-text qodef-layout--before-content qodef--icon-pack qodef-column-responsive--never\" >\n\t\t\t<div class=\"qodef-m-icon-wrapper\">\n\t\t\t\t<div class=\"qodef-m-icon-holder\">\n\t\t<i aria-hidden=\"true\" class=\"fas fa-house-user\"><\/i>\t<\/div>\n\t\t<\/div>\n\t\t<div class=\"qodef-m-content\">\n\t\t\t<h3 class=\"qodef-m-title\">\n\t\t\t\t\t<span class=\"qodef-m-title-text\">Vzdr\u017eevanje nepremi\u010dnine <\/span>\n\t\t\t<\/h3>\n\t\t\t\t\t\t\t<\/div>\n<\/div>\n\t\t\t\t<\/div>\n\t\t\t\t<\/div>\n\t\t\t\t<div class=\"elementor-element elementor-element-ccfdf7a elementor-widget elementor-widget-text-editor\" data-id=\"ccfdf7a\" data-element_type=\"widget\" data-e-type=\"widget\" data-widget_type=\"text-editor.default\">\n\t\t\t\t<div class=\"elementor-widget-container\">\n\t\t\t\t\t\t\t\t\t<p>Redni pregledi, preventivno vzdr\u017eevanje in popravila<\/p>\t\t\t\t\t\t\t\t<\/div>\n\t\t\t\t<\/div>\n\t\t\t\t<\/div>\n\t\t<div class=\"elementor-element elementor-element-ca37986 e-con-full e-flex e-con e-child\" data-id=\"ca37986\" data-element_type=\"container\" data-e-type=\"container\" data-settings=\"{&quot;background_background&quot;:&quot;classic&quot;}\">\n\t\t\t\t<div class=\"elementor-element elementor-element-963f6ed elementor-widget elementor-widget-qi_addons_for_elementor_icon_with_text\" data-id=\"963f6ed\" data-element_type=\"widget\" data-e-type=\"widget\" data-widget_type=\"qi_addons_for_elementor_icon_with_text.default\">\n\t\t\t\t<div class=\"elementor-widget-container\">\n\t\t\t\t\t<div class=\"qodef-shortcode qodef-m qodef-qi-icon-with-text qodef-layout--before-content qodef--icon-pack qodef-column-responsive--never\" >\n\t\t\t<div class=\"qodef-m-icon-wrapper\">\n\t\t\t\t<div class=\"qodef-m-icon-holder\">\n\t\t<i aria-hidden=\"true\" class=\"fas fa-swimming-pool\"><\/i>\t<\/div>\n\t\t<\/div>\n\t\t<div class=\"qodef-m-content\">\n\t\t\t<h3 class=\"qodef-m-title\">\n\t\t\t\t\t<span class=\"qodef-m-title-text\">Vzdr\u017eevanje bazena <\/span>\n\t\t\t<\/h3>\n\t\t\t\t\t\t\t<\/div>\n<\/div>\n\t\t\t\t<\/div>\n\t\t\t\t<\/div>\n\t\t\t\t<div class=\"elementor-element elementor-element-01eee41 elementor-widget elementor-widget-text-editor\" data-id=\"01eee41\" data-element_type=\"widget\" data-e-type=\"widget\" data-widget_type=\"text-editor.default\">\n\t\t\t\t<div class=\"elementor-widget-container\">\n\t\t\t\t\t\t\t\t\t<p>Profesionalno \u010di\u0161\u010denje in nadzor kakovosti vode<\/p>\t\t\t\t\t\t\t\t<\/div>\n\t\t\t\t<\/div>\n\t\t\t\t<\/div>\n\t\t<div class=\"elementor-element elementor-element-7a52313 e-con-full e-flex e-con e-child\" data-id=\"7a52313\" data-element_type=\"container\" data-e-type=\"container\" data-settings=\"{&quot;background_background&quot;:&quot;classic&quot;}\">\n\t\t\t\t<div class=\"elementor-element elementor-element-325b513 elementor-widget elementor-widget-qi_addons_for_elementor_icon_with_text\" data-id=\"325b513\" data-element_type=\"widget\" data-e-type=\"widget\" data-widget_type=\"qi_addons_for_elementor_icon_with_text.default\">\n\t\t\t\t<div class=\"elementor-widget-container\">\n\t\t\t\t\t<div class=\"qodef-shortcode qodef-m qodef-qi-icon-with-text qodef-layout--before-content qodef--icon-pack qodef-column-responsive--never\" >\n\t\t\t<div class=\"qodef-m-icon-wrapper\">\n\t\t\t\t<div class=\"qodef-m-icon-holder\">\n\t\t<i aria-hidden=\"true\" class=\"fab fa-pagelines\"><\/i>\t<\/div>\n\t\t<\/div>\n\t\t<div class=\"qodef-m-content\">\n\t\t\t<h3 class=\"qodef-m-title\">\n\t\t\t\t\t<span class=\"qodef-m-title-text\">Vrtnarstvo in urejanje okolice <\/span>\n\t\t\t<\/h3>\n\t\t\t\t\t\t\t<\/div>\n<\/div>\n\t\t\t\t<\/div>\n\t\t\t\t<\/div>\n\t\t\t\t<div class=\"elementor-element elementor-element-16353ac elementor-widget elementor-widget-text-editor\" data-id=\"16353ac\" data-element_type=\"widget\" data-e-type=\"widget\" data-widget_type=\"text-editor.default\">\n\t\t\t\t<div class=\"elementor-widget-container\">\n\t\t\t\t\t\t\t\t\t<p>Celovita skrb za va\u0161 vrt in zunanje povr\u0161ine<\/p>\t\t\t\t\t\t\t\t<\/div>\n\t\t\t\t<\/div>\n\t\t\t\t<\/div>\n\t\t\t\t\t<\/div>\n\t\t\t\t<\/div>\n\t\t<div class=\"elementor-element elementor-element-dc873da e-flex e-con-boxed e-con e-parent\" data-id=\"dc873da\" data-element_type=\"container\" data-e-type=\"container\">\n\t\t\t\t\t<div class=\"e-con-inner\">\n\t\t<div class=\"elementor-element elementor-element-6463651 e-con-full e-flex e-con e-child\" data-id=\"6463651\" data-element_type=\"container\" data-e-type=\"container\" data-settings=\"{&quot;background_background&quot;:&quot;classic&quot;}\">\n\t\t\t\t<div class=\"elementor-element elementor-element-d067625 elementor-widget elementor-widget-qi_addons_for_elementor_icon_with_text\" data-id=\"d067625\" data-element_type=\"widget\" data-e-type=\"widget\" data-widget_type=\"qi_addons_for_elementor_icon_with_text.default\">\n\t\t\t\t<div class=\"elementor-widget-container\">\n\t\t\t\t\t<div class=\"qodef-shortcode qodef-m qodef-qi-icon-with-text qodef-layout--before-content qodef--icon-pack qodef-column-responsive--never\" >\n\t\t\t<div class=\"qodef-m-icon-wrapper\">\n\t\t\t\t<div class=\"qodef-m-icon-holder\">\n\t\t<i aria-hidden=\"true\" class=\"fas fa-broom\"><\/i>\t<\/div>\n\t\t<\/div>\n\t\t<div class=\"qodef-m-content\">\n\t\t\t<h3 class=\"qodef-m-title\">\n\t\t\t\t\t<span class=\"qodef-m-title-text\">\u010ci\u0161\u010denje <\/span>\n\t\t\t<\/h3>\n\t\t\t\t\t\t\t<\/div>\n<\/div>\n\t\t\t\t<\/div>\n\t\t\t\t<\/div>\n\t\t\t\t<div class=\"elementor-element elementor-element-02b674f elementor-widget elementor-widget-text-editor\" data-id=\"02b674f\" data-element_type=\"widget\" data-e-type=\"widget\" data-widget_type=\"text-editor.default\">\n\t\t\t\t<div class=\"elementor-widget-container\">\n\t\t\t\t\t\t\t\t\t<p>Visokokakovostno \u010di\u0161\u010denje in housekeeping<\/p>\t\t\t\t\t\t\t\t<\/div>\n\t\t\t\t<\/div>\n\t\t\t\t<\/div>\n\t\t<div class=\"elementor-element elementor-element-f67d680 e-con-full e-flex e-con e-child\" data-id=\"f67d680\" data-element_type=\"container\" data-e-type=\"container\" data-settings=\"{&quot;background_background&quot;:&quot;classic&quot;}\">\n\t\t\t\t<div class=\"elementor-element elementor-element-1dd8722 elementor-widget elementor-widget-qi_addons_for_elementor_icon_with_text\" data-id=\"1dd8722\" data-element_type=\"widget\" data-e-type=\"widget\" data-widget_type=\"qi_addons_for_elementor_icon_with_text.default\">\n\t\t\t\t<div class=\"elementor-widget-container\">\n\t\t\t\t\t<div class=\"qodef-shortcode qodef-m qodef-qi-icon-with-text qodef-layout--before-content qodef--icon-pack qodef-column-responsive--never\" >\n\t\t\t<div class=\"qodef-m-icon-wrapper\">\n\t\t\t\t<div class=\"qodef-m-icon-holder\">\n\t\t<i aria-hidden=\"true\" class=\"fas fa-user-shield\"><\/i>\t<\/div>\n\t\t<\/div>\n\t\t<div class=\"qodef-m-content\">\n\t\t\t<h3 class=\"qodef-m-title\">\n\t\t\t\t\t<span class=\"qodef-m-title-text\">Nadzor nepremi\u010dnine  <\/span>\n\t\t\t<\/h3>\n\t\t\t\t\t\t\t<\/div>\n<\/div>\n\t\t\t\t<\/div>\n\t\t\t\t<\/div>\n\t\t\t\t<div class=\"elementor-element elementor-element-5e0840d elementor-widget elementor-widget-text-editor\" data-id=\"5e0840d\" data-element_type=\"widget\" data-e-type=\"widget\" data-widget_type=\"text-editor.default\">\n\t\t\t\t<div class=\"elementor-widget-container\">\n\t\t\t\t\t\t\t\t\t<p>Redno spremljanje in preverjanje stanja<\/p>\t\t\t\t\t\t\t\t<\/div>\n\t\t\t\t<\/div>\n\t\t\t\t<\/div>\n\t\t<div class=\"elementor-element elementor-element-829c28e e-con-full e-flex e-con e-child\" data-id=\"829c28e\" data-element_type=\"container\" data-e-type=\"container\" data-settings=\"{&quot;background_background&quot;:&quot;classic&quot;}\">\n\t\t\t\t<div class=\"elementor-element elementor-element-4808c26 elementor-widget elementor-widget-qi_addons_for_elementor_icon_with_text\" data-id=\"4808c26\" data-element_type=\"widget\" data-e-type=\"widget\" data-widget_type=\"qi_addons_for_elementor_icon_with_text.default\">\n\t\t\t\t<div class=\"elementor-widget-container\">\n\t\t\t\t\t<div class=\"qodef-shortcode qodef-m qodef-qi-icon-with-text qodef-layout--before-content qodef--icon-pack qodef-column-responsive--never\" >\n\t\t\t<div class=\"qodef-m-icon-wrapper\">\n\t\t\t\t<div class=\"qodef-m-icon-holder\">\n\t\t<i aria-hidden=\"true\" class=\"fas fa-user-cog\"><\/i>\t<\/div>\n\t\t<\/div>\n\t\t<div class=\"qodef-m-content\">\n\t\t\t<h3 class=\"qodef-m-title\">\n\t\t\t\t\t<span class=\"qodef-m-title-text\">Upravljanje nepremi\u010dnine <\/span>\n\t\t\t<\/h3>\n\t\t\t\t\t\t\t<\/div>\n<\/div>\n\t\t\t\t<\/div>\n\t\t\t\t<\/div>\n\t\t\t\t<div class=\"elementor-element elementor-element-58527c0 elementor-widget elementor-widget-text-editor\" data-id=\"58527c0\" data-element_type=\"widget\" data-e-type=\"widget\" data-widget_type=\"text-editor.default\">\n\t\t\t\t<div class=\"elementor-widget-container\">\n\t\t\t\t\t\t\t\t\t<p>Upravljanje najema, gostov in celostna podpora<\/p>\t\t\t\t\t\t\t\t<\/div>\n\t\t\t\t<\/div>\n\t\t\t\t<\/div>\n\t\t\t\t\t<\/div>\n\t\t\t\t<\/div>\n\t\t<div class=\"elementor-element elementor-element-7d3fe2f e-flex e-con-boxed e-con e-parent\" data-id=\"7d3fe2f\" data-element_type=\"container\" data-e-type=\"container\" data-settings=\"{&quot;background_background&quot;:&quot;classic&quot;}\">\n\t\t\t\t\t<div class=\"e-con-inner\">\n\t\t\t\t<div class=\"elementor-element elementor-element-ee6f702 elementor-widget elementor-widget-heading\" data-id=\"ee6f702\" data-element_type=\"widget\" data-e-type=\"widget\" data-widget_type=\"heading.default\">\n\t\t\t\t<div class=\"elementor-widget-container\">\n\t\t\t\t\t<h3 class=\"elementor-heading-title elementor-size-default\">Investicija v turisti\u010dni najem<\/h3>\t\t\t\t<\/div>\n\t\t\t\t<\/div>\n\t\t\t\t<div class=\"elementor-element elementor-element-ec674f5 elementor-widget elementor-widget-text-editor\" data-id=\"ec674f5\" data-element_type=\"widget\" data-e-type=\"widget\" data-widget_type=\"text-editor.default\">\n\t\t\t\t<div class=\"elementor-widget-container\">\n\t\t\t\t\t\t\t\t\t<p>Izkoristite polni potencial svoje nepremi\u010dnine z na\u0161o celovito storitvijo priprave in profesionalnega upravljanja turisti\u010dnega najema.<\/p>\t\t\t\t\t\t\t\t<\/div>\n\t\t\t\t<\/div>\n\t\t\t\t\t<\/div>\n\t\t\t\t<\/div>\n\t\t<div class=\"elementor-element elementor-element-36da8c0 e-flex e-con-boxed e-con e-parent\" data-id=\"36da8c0\" data-element_type=\"container\" data-e-type=\"container\">\n\t\t\t\t\t<div class=\"e-con-inner\">\n\t\t\t\t<div class=\"elementor-element elementor-element-b039efc elementor-widget elementor-widget-heading\" data-id=\"b039efc\" data-element_type=\"widget\" data-e-type=\"widget\" data-widget_type=\"heading.default\">\n\t\t\t\t<div class=\"elementor-widget-container\">\n\t\t\t\t\t<h3 class=\"elementor-heading-title elementor-size-default\">Kako deluje<\/h3>\t\t\t\t<\/div>\n\t\t\t\t<\/div>\n\t\t\t\t\t<\/div>\n\t\t\t\t<\/div>\n\t\t<div class=\"elementor-element elementor-element-5b62e2c e-flex e-con-boxed e-con e-parent\" data-id=\"5b62e2c\" data-element_type=\"container\" data-e-type=\"container\">\n\t\t\t\t\t<div class=\"e-con-inner\">\n\t\t\t\t<div class=\"elementor-element elementor-element-e941d8b elementor-widget elementor-widget-qi_addons_for_elementor_process\" data-id=\"e941d8b\" data-element_type=\"widget\" data-e-type=\"widget\" data-widget_type=\"qi_addons_for_elementor_process.default\">\n\t\t\t\t<div class=\"elementor-widget-container\">\n\t\t\t\t\t<div class=\"qodef-shortcode qodef-m qodef-qi-process qodef-qi--has-appear qodef-qi-grid qodef-layout--qi-columns qodef-col-num--4 qodef-item-layout--horizontal qodef-responsive--predefined\">\n\t<div class=\"qodef-grid-inner\">\n\t\t<div class=\"qodef-e qodef-process-item qodef-grid-item elementor-repeater-item-349f389\">\n\t<div class=\"qodef-e-inner\">\n\t\t<div class=\"qodef-e-content\">\n\t\t\t<div class=\"qodef-e-icon-holder\">\n\t<div class=\"qodef-e-icon\">\n\t\t\t\t\t<span class=\"qodef-e-item-icon-text\">\n\t\t\t\t1.\t\t\t<\/span>\n\t\t\t<\/div>\n\t<div class=\"qodef-e-line\">\n\t\t<div class=\"qodef-e-line-inner\"><\/div>\n\t<\/div>\n<\/div>\n\t\t\t\t<h5 class=\"qodef-e-title\">\n\t\tNakup nepremi\u010dnine \t<\/h5>\n\t\t\t\t\t<\/div>\n\t<\/div>\n<\/div>\n<div class=\"qodef-e qodef-process-item qodef-grid-item elementor-repeater-item-ea5d986\">\n\t<div class=\"qodef-e-inner\">\n\t\t<div class=\"qodef-e-content\">\n\t\t\t<div class=\"qodef-e-icon-holder\">\n\t<div class=\"qodef-e-icon\">\n\t\t\t\t\t<span class=\"qodef-e-item-icon-text\">\n\t\t\t\t2.\t\t\t<\/span>\n\t\t\t<\/div>\n\t<div class=\"qodef-e-line\">\n\t\t<div class=\"qodef-e-line-inner\"><\/div>\n\t<\/div>\n<\/div>\n\t\t\t\t<h5 class=\"qodef-e-title\">\n\t\tIzbira storitev \t<\/h5>\n\t\t\t\t\t<\/div>\n\t<\/div>\n<\/div>\n<div class=\"qodef-e qodef-process-item qodef-grid-item elementor-repeater-item-fa20832\">\n\t<div class=\"qodef-e-inner\">\n\t\t<div class=\"qodef-e-content\">\n\t\t\t<div class=\"qodef-e-icon-holder\">\n\t<div class=\"qodef-e-icon\">\n\t\t\t\t\t<span class=\"qodef-e-item-icon-text\">\n\t\t\t\t3.\t\t\t<\/span>\n\t\t\t<\/div>\n\t<div class=\"qodef-e-line\">\n\t\t<div class=\"qodef-e-line-inner\"><\/div>\n\t<\/div>\n<\/div>\n\t\t\t\t<h5 class=\"qodef-e-title\">\n\t\tMi poskrbimo za vse \t<\/h5>\n\t\t\t\t\t<\/div>\n\t<\/div>\n<\/div>\n<div class=\"qodef-e qodef-process-item qodef-grid-item elementor-repeater-item-e16814f\">\n\t<div class=\"qodef-e-inner\">\n\t\t<div class=\"qodef-e-content\">\n\t\t\t<div class=\"qodef-e-icon-holder\">\n\t<div class=\"qodef-e-icon\">\n\t\t\t\t\t<span class=\"qodef-e-item-icon-text\">\n\t\t\t\t4.\t\t\t<\/span>\n\t\t\t<\/div>\n\t<div class=\"qodef-e-line\">\n\t\t<div class=\"qodef-e-line-inner\"><\/div>\n\t<\/div>\n<\/div>\n\t\t\t\t<h5 class=\"qodef-e-title\">\n\t\tVi u\u017eivate \t<\/h5>\n\t\t\t\t\t<\/div>\n\t<\/div>\n<\/div>\n\t<\/div>\n<\/div>\n\t\t\t\t<\/div>\n\t\t\t\t<\/div>\n\t\t\t\t\t<\/div>\n\t\t\t\t<\/div>\n\t\t<div class=\"elementor-element elementor-element-0afad2a e-flex e-con-boxed e-con e-parent\" data-id=\"0afad2a\" data-element_type=\"container\" data-e-type=\"container\">\n\t\t\t\t\t<div class=\"e-con-inner\">\n\t\t\t\t<div class=\"elementor-element elementor-element-bbcec93 elementor-widget elementor-widget-heading\" data-id=\"bbcec93\" data-element_type=\"widget\" data-e-type=\"widget\" data-widget_type=\"heading.default\">\n\t\t\t\t<div class=\"elementor-widget-container\">\n\t\t\t\t\t<h3 class=\"elementor-heading-title elementor-size-default\">Prednosti za lastnike<\/h3>\t\t\t\t<\/div>\n\t\t\t\t<\/div>\n\t\t\t\t\t<\/div>\n\t\t\t\t<\/div>\n\t\t\t\t<section class=\"elementor-section elementor-top-section elementor-element elementor-element-30b8d7e elementor-section-content-middle elementor-reverse-tablet elementor-reverse-mobile elementor-section-boxed elementor-section-height-default elementor-section-height-default qodef-elementor-content-no\" data-id=\"30b8d7e\" data-element_type=\"section\" data-e-type=\"section\">\n\t\t\t\t\t\t<div class=\"elementor-container elementor-column-gap-default\">\n\t\t\t\t\t<div class=\"elementor-column elementor-col-50 elementor-top-column elementor-element elementor-element-07cd36e\" data-id=\"07cd36e\" data-element_type=\"column\" data-e-type=\"column\">\n\t\t\t<div class=\"elementor-widget-wrap elementor-element-populated\">\n\t\t\t\t\t\t<div class=\"elementor-element elementor-element-7f9bb1f elementor-icon-list--layout-traditional elementor-list-item-link-full_width elementor-widget elementor-widget-icon-list\" data-id=\"7f9bb1f\" data-element_type=\"widget\" data-e-type=\"widget\" data-widget_type=\"icon-list.default\">\n\t\t\t\t<div class=\"elementor-widget-container\">\n\t\t\t\t\t\t\t<ul class=\"elementor-icon-list-items\">\n\t\t\t\t\t\t\t<li class=\"elementor-icon-list-item\">\n\t\t\t\t\t\t\t\t\t\t\t<span class=\"elementor-icon-list-icon\">\n\t\t\t\t\t\t\t<i aria-hidden=\"true\" class=\"fas fa-house-user\"><\/i>\t\t\t\t\t\t<\/span>\n\t\t\t\t\t\t\t\t\t\t<span class=\"elementor-icon-list-text\">Brezskrbno lastni\u0161tvo <\/span>\n\t\t\t\t\t\t\t\t\t<\/li>\n\t\t\t\t\t\t\t\t<li class=\"elementor-icon-list-item\">\n\t\t\t\t\t\t\t\t\t\t\t<span class=\"elementor-icon-list-icon\">\n\t\t\t\t\t\t\t<i aria-hidden=\"true\" class=\"fas fa-house-user\"><\/i>\t\t\t\t\t\t<\/span>\n\t\t\t\t\t\t\t\t\t\t<span class=\"elementor-icon-list-text\">Nepremi\u010dnina vedno pripravljena za bivanje <\/span>\n\t\t\t\t\t\t\t\t\t<\/li>\n\t\t\t\t\t\t\t\t<li class=\"elementor-icon-list-item\">\n\t\t\t\t\t\t\t\t\t\t\t<span class=\"elementor-icon-list-icon\">\n\t\t\t\t\t\t\t<i aria-hidden=\"true\" class=\"fas fa-house-user\"><\/i>\t\t\t\t\t\t<\/span>\n\t\t\t\t\t\t\t\t\t\t<span class=\"elementor-icon-list-text\">Mo\u017enost dodatnega zaslu\u017eka <\/span>\n\t\t\t\t\t\t\t\t\t<\/li>\n\t\t\t\t\t\t\t\t<li class=\"elementor-icon-list-item\">\n\t\t\t\t\t\t\t\t\t\t\t<span class=\"elementor-icon-list-icon\">\n\t\t\t\t\t\t\t<i aria-hidden=\"true\" class=\"fas fa-house-user\"><\/i>\t\t\t\t\t\t<\/span>\n\t\t\t\t\t\t\t\t\t\t<span class=\"elementor-icon-list-text\">Pove\u010danje vrednosti nepremi\u010dnine<\/span>\n\t\t\t\t\t\t\t\t\t<\/li>\n\t\t\t\t\t\t<\/ul>\n\t\t\t\t\t\t<\/div>\n\t\t\t\t<\/div>\n\t\t\t\t\t<\/div>\n\t\t<\/div>\n\t\t\t\t<div class=\"elementor-column elementor-col-50 elementor-top-column elementor-element elementor-element-e4bfdae\" data-id=\"e4bfdae\" data-element_type=\"column\" data-e-type=\"column\">\n\t\t\t<div class=\"elementor-widget-wrap elementor-element-populated\">\n\t\t\t\t\t\t<div class=\"elementor-element elementor-element-57c6b4b elementor-widget elementor-widget-image\" data-id=\"57c6b4b\" data-element_type=\"widget\" data-e-type=\"widget\" data-widget_type=\"image.default\">\n\t\t\t\t<div class=\"elementor-widget-container\">\n\t\t\t\t\t\t\t\t\t\t\t\t\t\t\t<img fetchpriority=\"high\" decoding=\"async\" width=\"1024\" height=\"322\" src=\"https:\/\/k-invest.hr\/givohiv\/uploads\/2026\/03\/top-hill-1024x322.jpg\" class=\"attachment-large size-large wp-image-13807\" alt=\"\" srcset=\"https:\/\/k-invest.hr\/givohiv\/uploads\/2026\/03\/top-hill-1024x322.jpg 1024w, https:\/\/k-invest.hr\/givohiv\/uploads\/2026\/03\/top-hill-300x94.jpg 300w, https:\/\/k-invest.hr\/givohiv\/uploads\/2026\/03\/top-hill-768x241.jpg 768w, https:\/\/k-invest.hr\/givohiv\/uploads\/2026\/03\/top-hill-1536x483.jpg 1536w, https:\/\/k-invest.hr\/givohiv\/uploads\/2026\/03\/top-hill-18x6.jpg 18w, https:\/\/k-invest.hr\/givohiv\/uploads\/2026\/03\/top-hill.jpg 1976w\" sizes=\"(max-width: 1024px) 100vw, 1024px\" \/>\t\t\t\t\t\t\t\t\t\t\t\t\t\t\t<\/div>\n\t\t\t\t<\/div>\n\t\t\t\t\t<\/div>\n\t\t<\/div>\n\t\t\t\t\t<\/div>\n\t\t<\/section>\n\t\t\t\t<\/div>","protected":false},"excerpt":{"rendered":"<p>K! PROPERTY Complete Property Care Premium property maintenance and management tailored to your needs. Complete Property Care Premium property maintenance and management tailored to your needs. Why Choose Our Services? Your property is in safe, reliable hands. Whether you use it occasionally or as an investment, we take care of every detail so you don\u2019t [&hellip;]<\/p>\n","protected":false},"author":1,"featured_media":0,"parent":0,"menu_order":0,"comment_status":"closed","ping_status":"closed","template":"","meta":{"footnotes":""},"class_list":["post-3122","page","type-page","status-publish","hentry"],"aioseo_notices":[],"_links":{"self":[{"href":"https:\/\/k-invest.hr\/sl\/wp-json\/wp\/v2\/pages\/3122","targetHints":{"allow":["GET"]}}],"collection":[{"href":"https:\/\/k-invest.hr\/sl\/wp-json\/wp\/v2\/pages"}],"about":[{"href":"https:\/\/k-invest.hr\/sl\/wp-json\/wp\/v2\/types\/page"}],"author":[{"embeddable":true,"href":"https:\/\/k-invest.hr\/sl\/wp-json\/wp\/v2\/users\/1"}],"replies":[{"embeddable":true,"href":"https:\/\/k-invest.hr\/sl\/wp-json\/wp\/v2\/comments?post=3122"}],"version-history":[{"count":19,"href":"https:\/\/k-invest.hr\/sl\/wp-json\/wp\/v2\/pages\/3122\/revisions"}],"predecessor-version":[{"id":13813,"href":"https:\/\/k-invest.hr\/sl\/wp-json\/wp\/v2\/pages\/3122\/revisions\/13813"}],"wp:attachment":[{"href":"https:\/\/k-invest.hr\/sl\/wp-json\/wp\/v2\/media?parent=3122"}],"curies":[{"name":"wp","href":"https:\/\/api.w.org\/{rel}","templated":true}]}}