{"id":1299,"date":"2020-05-13T09:52:01","date_gmt":"2020-05-13T09:52:01","guid":{"rendered":"https:\/\/hendon.qodeinteractive.com\/?page_id=1299"},"modified":"2025-09-12T08:15:09","modified_gmt":"2025-09-12T08:15:09","slug":"faq","status":"publish","type":"page","link":"https:\/\/k-invest.hr\/sl\/pogosta-vprasanja\/","title":{"rendered":"pogosta vpra\u0161anja"},"content":{"rendered":"<div data-elementor-type=\"wp-page\" data-elementor-id=\"1299\" class=\"elementor elementor-1299\">\n\t\t\t\t\t\t<section class=\"elementor-section elementor-top-section elementor-element elementor-element-238833d elementor-section-full_width elementor-section-height-default elementor-section-height-default qodef-elementor-content-no\" data-id=\"238833d\" data-element_type=\"section\" data-e-type=\"section\">\n\t\t\t\t\t\t<div class=\"elementor-container elementor-column-gap-no\">\n\t\t\t\t\t<div class=\"elementor-column elementor-col-100 elementor-top-column elementor-element elementor-element-683e1cc\" data-id=\"683e1cc\" data-element_type=\"column\" data-e-type=\"column\">\n\t\t\t<div class=\"elementor-widget-wrap elementor-element-populated\">\n\t\t\t\t\t\t<div class=\"elementor-element elementor-element-a37927d elementor-widget elementor-widget-heading\" data-id=\"a37927d\" data-element_type=\"widget\" data-e-type=\"widget\" data-widget_type=\"heading.default\">\n\t\t\t\t<div class=\"elementor-widget-container\">\n\t\t\t\t\t<h4 class=\"elementor-heading-title elementor-size-default\">1. How to reach as?<\/h4>\t\t\t\t<\/div>\n\t\t\t\t<\/div>\n\t\t\t\t<div class=\"elementor-element elementor-element-545e797 elementor-widget elementor-widget-text-editor\" data-id=\"545e797\" data-element_type=\"widget\" data-e-type=\"widget\" data-widget_type=\"text-editor.default\">\n\t\t\t\t<div class=\"elementor-widget-container\">\n\t\t\t\t\t\t\t\t\t<p><span class=\"naziv\">K. INVEST doo<\/span><\/p><p>Slavonska ulica 33, Novigrad, Istra<\/p><p>https:\/\/maps.app.goo.gl\/uAkWoz1L7kbBpzCXA<\/p><p>Hrva\u0161ka<\/p><p class=\"qodef-e-title\">M: <a href=\"mailto:info@k-invest.hr\" target=\"_self\" rel=\"noopener\"><span class=\"qodef-e-title-inner\"><span class=\"qodef-e-title-text\">info@k-invest.hr<\/span><\/span><\/a><\/p><p class=\"qodef-e-title\">T: <a href=\"tel:%20+38598255777\" target=\"_self\" rel=\"noopener\"><span class=\"qodef-e-title-inner\"><span class=\"qodef-e-title-text\">+385 98 255 777<\/span> <\/span> <\/a><\/p>\t\t\t\t\t\t\t\t<\/div>\n\t\t\t\t<\/div>\n\t\t\t\t\t<\/div>\n\t\t<\/div>\n\t\t\t\t\t<\/div>\n\t\t<\/section>\n\t\t\t\t<section class=\"elementor-section elementor-top-section elementor-element elementor-element-76e8856 elementor-section-full_width elementor-section-height-default elementor-section-height-default qodef-elementor-content-no\" data-id=\"76e8856\" data-element_type=\"section\" data-e-type=\"section\">\n\t\t\t\t\t\t<div class=\"elementor-container elementor-column-gap-no\">\n\t\t\t\t\t<div class=\"elementor-column elementor-col-100 elementor-top-column elementor-element elementor-element-07ba46a\" data-id=\"07ba46a\" data-element_type=\"column\" data-e-type=\"column\">\n\t\t\t<div class=\"elementor-widget-wrap elementor-element-populated\">\n\t\t\t\t\t\t<div class=\"elementor-element elementor-element-c0a96b6 elementor-widget elementor-widget-heading\" data-id=\"c0a96b6\" data-element_type=\"widget\" data-e-type=\"widget\" data-widget_type=\"heading.default\">\n\t\t\t\t<div class=\"elementor-widget-container\">\n\t\t\t\t\t<h4 class=\"elementor-heading-title elementor-size-default\">2. Kateri cenovni na\u010drt naj izberem?<\/h4>\t\t\t\t<\/div>\n\t\t\t\t<\/div>\n\t\t\t\t<div class=\"elementor-element elementor-element-b11aeae elementor-widget elementor-widget-text-editor\" data-id=\"b11aeae\" data-element_type=\"widget\" data-e-type=\"widget\" data-widget_type=\"text-editor.default\">\n\t\t\t\t<div class=\"elementor-widget-container\">\n\t\t\t\t\t\t\t\t\t<p>Glede na vas kot na\u0161o stranko posku\u0161amo izpolniti va\u0161e potrebe s ponudbo treh vrst cen glede na pohi\u0161tvo:<\/p><ul><li>Popolnoma opremljeno kot vse v hi\u0161i ali stanovanju<\/li><li>Delno opremljena hi\u0161a ali stanovanje<\/li><li>Sploh brez pohi\u0161tva<\/li><\/ul>\t\t\t\t\t\t\t\t<\/div>\n\t\t\t\t<\/div>\n\t\t\t\t\t<\/div>\n\t\t<\/div>\n\t\t\t\t\t<\/div>\n\t\t<\/section>\n\t\t\t\t<section class=\"elementor-section elementor-top-section elementor-element elementor-element-99169c9 elementor-section-full_width elementor-section-height-default elementor-section-height-default qodef-elementor-content-no\" data-id=\"99169c9\" data-element_type=\"section\" data-e-type=\"section\">\n\t\t\t\t\t\t<div class=\"elementor-container elementor-column-gap-no\">\n\t\t\t\t\t<div class=\"elementor-column elementor-col-100 elementor-top-column elementor-element elementor-element-070db9f\" data-id=\"070db9f\" data-element_type=\"column\" data-e-type=\"column\">\n\t\t\t<div class=\"elementor-widget-wrap elementor-element-populated\">\n\t\t\t\t\t\t<div class=\"elementor-element elementor-element-ade5426 elementor-widget elementor-widget-heading\" data-id=\"ade5426\" data-element_type=\"widget\" data-e-type=\"widget\" data-widget_type=\"heading.default\">\n\t\t\t\t<div class=\"elementor-widget-container\">\n\t\t\t\t\t<h4 class=\"elementor-heading-title elementor-size-default\">3. Kako izbrati prave vile?<\/h4>\t\t\t\t<\/div>\n\t\t\t\t<\/div>\n\t\t\t\t<div class=\"elementor-element elementor-element-8093085 elementor-widget elementor-widget-text-editor\" data-id=\"8093085\" data-element_type=\"widget\" data-e-type=\"widget\" data-widget_type=\"text-editor.default\">\n\t\t\t\t<div class=\"elementor-widget-container\">\n\t\t\t\t\t\t\t\t\t<p>Pomagali vam bomo pri va\u0161i odlo\u010ditvi in poiskali hi\u0161o, ki popolnoma ustreza va\u0161im potrebam.<br \/>Pred tisto stvarjo o tem, kaj i\u0161\u010dete, ali odgovorom na nekaj preprostega vpra\u0161anja, kot je:<\/p><ul><li>Kak\u0161na je lokacija, ki nam je v\u0161e\u010d<\/li><li>Kako dale\u010d od morja<\/li><li>Kako dale\u010d od velikega mesta<\/li><li>Mora imeti pogled na morje ali ne<\/li><li>Koliko spalnic potrebujemo<\/li><li>Moderna ali tradicionalna zasnova hi\u0161e<\/li><li>Ali ga bomo uporabljali za dru\u017eino ali za najem<\/li><li>Novo ali rabljeno<\/li><li>Prora\u010dun<\/li><\/ul>\t\t\t\t\t\t\t\t<\/div>\n\t\t\t\t<\/div>\n\t\t\t\t\t<\/div>\n\t\t<\/div>\n\t\t\t\t\t<\/div>\n\t\t<\/section>\n\t\t\t\t<section class=\"elementor-section elementor-top-section elementor-element elementor-element-f57a620 elementor-section-full_width elementor-section-height-default elementor-section-height-default qodef-elementor-content-no\" data-id=\"f57a620\" data-element_type=\"section\" data-e-type=\"section\">\n\t\t\t\t\t\t<div class=\"elementor-container elementor-column-gap-no\">\n\t\t\t\t\t<div class=\"elementor-column elementor-col-100 elementor-top-column elementor-element elementor-element-7c0ebe4\" data-id=\"7c0ebe4\" data-element_type=\"column\" data-e-type=\"column\">\n\t\t\t<div class=\"elementor-widget-wrap elementor-element-populated\">\n\t\t\t\t\t\t<div class=\"elementor-element elementor-element-15ee333 elementor-widget elementor-widget-heading\" data-id=\"15ee333\" data-element_type=\"widget\" data-e-type=\"widget\" data-widget_type=\"heading.default\">\n\t\t\t\t<div class=\"elementor-widget-container\">\n\t\t\t\t\t<h4 class=\"elementor-heading-title elementor-size-default\">4. Kako dolgo traja postopek?<\/h4>\t\t\t\t<\/div>\n\t\t\t\t<\/div>\n\t\t\t\t<div class=\"elementor-element elementor-element-073d96d elementor-widget elementor-widget-text-editor\" data-id=\"073d96d\" data-element_type=\"widget\" data-e-type=\"widget\" data-widget_type=\"text-editor.default\">\n\t\t\t\t<div class=\"elementor-widget-container\">\n\t\t\t\t\t\t\t\t\t<p>Postopek je mogo\u010de izvesti v enem dnevu, obi\u010dajno pa traja vsaj 30-60 dni.<br \/>Stvari, ki jih je treba storiti, so:<\/p><ul><li>Zbiranje celotne hi\u0161ne dokumentacije<\/li><li>Predpogodbeni znak<\/li><li>Pla\u010dilo rezervacije<\/li><li>Podpis pogodbe pri notarju<\/li><li>Pla\u010dilo<\/li><li>Vpis v zemlji\u0161koknji\u017eni urad<\/li><\/ul>\t\t\t\t\t\t\t\t<\/div>\n\t\t\t\t<\/div>\n\t\t\t\t\t<\/div>\n\t\t<\/div>\n\t\t\t\t\t<\/div>\n\t\t<\/section>\n\t\t\t\t<\/div>","protected":false},"excerpt":{"rendered":"<p>1. How to reach as? K. INVEST d.o.o. Slavonska ulica 33, Novigrad, Istra https:\/\/maps.app.goo.gl\/uAkWoz1L7kbBpzCXA Croatia M: info@k-invest.hr T: +385 98 255 777 2. Which pricing plan do I pick? Depending on you as our client we try do meet your needs by offering three type of pricing by furniture: Fully furnish as all in house [&hellip;]<\/p>\n","protected":false},"author":1,"featured_media":0,"parent":0,"menu_order":0,"comment_status":"closed","ping_status":"closed","template":"","meta":{"footnotes":""},"class_list":["post-1299","page","type-page","status-publish","hentry"],"aioseo_notices":[],"_links":{"self":[{"href":"https:\/\/k-invest.hr\/sl\/wp-json\/wp\/v2\/pages\/1299","targetHints":{"allow":["GET"]}}],"collection":[{"href":"https:\/\/k-invest.hr\/sl\/wp-json\/wp\/v2\/pages"}],"about":[{"href":"https:\/\/k-invest.hr\/sl\/wp-json\/wp\/v2\/types\/page"}],"author":[{"embeddable":true,"href":"https:\/\/k-invest.hr\/sl\/wp-json\/wp\/v2\/users\/1"}],"replies":[{"embeddable":true,"href":"https:\/\/k-invest.hr\/sl\/wp-json\/wp\/v2\/comments?post=1299"}],"version-history":[{"count":20,"href":"https:\/\/k-invest.hr\/sl\/wp-json\/wp\/v2\/pages\/1299\/revisions"}],"predecessor-version":[{"id":13160,"href":"https:\/\/k-invest.hr\/sl\/wp-json\/wp\/v2\/pages\/1299\/revisions\/13160"}],"wp:attachment":[{"href":"https:\/\/k-invest.hr\/sl\/wp-json\/wp\/v2\/media?parent=1299"}],"curies":[{"name":"wp","href":"https:\/\/api.w.org\/{rel}","templated":true}]}}