{"id":1297,"date":"2020-05-13T09:53:46","date_gmt":"2020-05-13T09:53:46","guid":{"rendered":"https:\/\/hendon.qodeinteractive.com\/?page_id=1297"},"modified":"2025-07-22T18:47:30","modified_gmt":"2025-07-22T18:47:30","slug":"destinaton","status":"publish","type":"page","link":"https:\/\/k-invest.hr\/sl\/destinaton\/","title":{"rendered":"Destinacija"},"content":{"rendered":"<div data-elementor-type=\"wp-page\" data-elementor-id=\"1297\" class=\"elementor elementor-1297\" data-elementor-post-type=\"page\">\n\t\t\t\t\t\t<section class=\"elementor-section elementor-top-section elementor-element elementor-element-c49f8d9 elementor-section-full_width qodef-elementor-content-grid elementor-section-height-default elementor-section-height-default\" data-id=\"c49f8d9\" data-element_type=\"section\" data-e-type=\"section\">\n\t\t\t\t\t\t<div class=\"elementor-container elementor-column-gap-no\">\n\t\t\t\t\t<div class=\"elementor-column elementor-col-100 elementor-top-column elementor-element elementor-element-23bc82c\" data-id=\"23bc82c\" data-element_type=\"column\" data-e-type=\"column\">\n\t\t\t<div class=\"elementor-widget-wrap elementor-element-populated\">\n\t\t\t\t\t\t<div class=\"elementor-element elementor-element-02da6bc elementor-widget elementor-widget-hendon_core_section_title\" data-id=\"02da6bc\" data-element_type=\"widget\" data-e-type=\"widget\" data-widget_type=\"hendon_core_section_title.default\">\n\t\t\t\t<div class=\"elementor-widget-container\">\n\t\t\t\t\t<div class=\"qodef-shortcode qodef-m  qodef-section-title qodef-alignment--center\">\n\t\t<h2 class=\"qodef-m-title\" >\n\t\t\t\t\t\u010carobna Istra\t\t\t<\/h2>\n\t\t<p class=\"qodef-m-text\" >ima ta epitet z razlogom!<\/p>\n<\/div>\t\t\t\t<\/div>\n\t\t\t\t<\/div>\n\t\t\t\t\t<\/div>\n\t\t<\/div>\n\t\t\t\t\t<\/div>\n\t\t<\/section>\n\t\t\t\t<section class=\"elementor-section elementor-top-section elementor-element elementor-element-0e6bdef elementor-section-full_width qodef-elementor-content-grid elementor-section-height-default elementor-section-height-default\" data-id=\"0e6bdef\" data-element_type=\"section\" data-e-type=\"section\">\n\t\t\t\t\t\t<div class=\"elementor-container elementor-column-gap-no\">\n\t\t\t\t\t<div class=\"elementor-column elementor-col-100 elementor-top-column elementor-element elementor-element-d6f7435\" data-id=\"d6f7435\" data-element_type=\"column\" data-e-type=\"column\">\n\t\t\t<div class=\"elementor-widget-wrap elementor-element-populated\">\n\t\t\t\t\t\t<div class=\"elementor-element elementor-element-1933038 elementor-widget elementor-widget-hendon_core_stacked_images\" data-id=\"1933038\" data-element_type=\"widget\" data-e-type=\"widget\" data-widget_type=\"hendon_core_stacked_images.default\">\n\t\t\t\t<div class=\"elementor-widget-container\">\n\t\t\t\t\t<div class=\"qodef-shortcode qodef-m  qodef-stacked-images qodef-layout--default qodef-image-outline qodef-image-outline-top-right   qodef-stacked-image-right\">\n\t<div class=\"qodef-m-images\" >\n\t\t\t\t\t<img fetchpriority=\"high\" decoding=\"async\" width=\"1000\" height=\"625\" src=\"https:\/\/k-invest.hr\/givohiv\/uploads\/2022\/03\/veralda_1.jpg\" class=\"qodef-e-image qodef--main\" alt=\"\" srcset=\"https:\/\/k-invest.hr\/givohiv\/uploads\/2022\/03\/veralda_1.jpg 1000w, https:\/\/k-invest.hr\/givohiv\/uploads\/2022\/03\/veralda_1-300x188.jpg 300w, https:\/\/k-invest.hr\/givohiv\/uploads\/2022\/03\/veralda_1-768x480.jpg 768w\" sizes=\"(max-width: 1000px) 100vw, 1000px\" \/>\t\t\t\t\n\t\t\t\t\t<div class=\"qodef-stack-image-holder\" style=\"top: 20%;left: 47%\">\n\t\t\t\t<div class=\"qodef-stack-image-holder-inner\">\n\t\t\t\t\t<div class=\"qodef-stack-image-img-holder\">\n\t\t\t\t\t<img decoding=\"async\" width=\"1000\" height=\"625\" src=\"https:\/\/k-invest.hr\/givohiv\/uploads\/2022\/03\/Motovun-1.jpg\" class=\"qodef-e-image qodef--stack\" alt=\"\" srcset=\"https:\/\/k-invest.hr\/givohiv\/uploads\/2022\/03\/Motovun-1.jpg 1000w, https:\/\/k-invest.hr\/givohiv\/uploads\/2022\/03\/Motovun-1-300x188.jpg 300w, https:\/\/k-invest.hr\/givohiv\/uploads\/2022\/03\/Motovun-1-768x480.jpg 768w\" sizes=\"(max-width: 1000px) 100vw, 1000px\" \/>\t\t\t\t\t<\/div>\n\t\t\t\t<\/div>\n\t\t\t<\/div>\n\t\t\n        \t<\/div>\n<\/div>\t\t\t\t<\/div>\n\t\t\t\t<\/div>\n\t\t\t\t\t<\/div>\n\t\t<\/div>\n\t\t\t\t\t<\/div>\n\t\t<\/section>\n\t\t\t\t<section class=\"elementor-section elementor-top-section elementor-element elementor-element-4dbad79 elementor-section-full_width qodef-elementor-content-grid elementor-section-height-default elementor-section-height-default\" data-id=\"4dbad79\" data-element_type=\"section\" data-e-type=\"section\">\n\t\t\t\t\t\t<div class=\"elementor-container elementor-column-gap-no\">\n\t\t\t\t\t<div class=\"elementor-column elementor-col-100 elementor-top-column elementor-element elementor-element-42e4352\" data-id=\"42e4352\" data-element_type=\"column\" data-e-type=\"column\">\n\t\t\t<div class=\"elementor-widget-wrap elementor-element-populated\">\n\t\t\t\t\t\t<div class=\"elementor-element elementor-element-05e78bf elementor-widget elementor-widget-text-editor\" data-id=\"05e78bf\" data-element_type=\"widget\" data-e-type=\"widget\" data-widget_type=\"text-editor.default\">\n\t\t\t\t<div class=\"elementor-widget-container\">\n\t\t\t\t\t\t\t\t\t<p>Vedno bolj obiskana in priljubljena, uvr\u0161\u010dena med top svetovne destinacije vredne obiska, je Istra postala dragocena kulturna, zgodovinska, naravna in gastronomska znamka. Je pokrajina, ki zlahka prepleta svojo burno zgodovino s sodobnimi motivi, ostanki starih civilizacij ter kulturnimi in naravnimi znamenitostmi ter mno\u017eico pravih skritih biserov. Istra je tudi de\u017eela vil in kjer so vile, je enkratna lepota bivanja. Ta majhen polotok v obliki srca je s svojo odli\u010dno geografsko lego izjemno dostopen in enako razveseljuje v vsakem letnem \u010dasu.<\/p><p>Morje s treh strani objokuje \u010darobno Istro in slovi kot eno naj\u010distej\u0161ih na svetu. Notranjost pa zaznamujejo dih jemajo\u010de naravne krajine in razgledi. Najbolj znan tak kraj v Istri je zagotovo Motovun, mesto pod oblaki. Majhen in o\u010darljiv, lociran v osr\u010dju Istre na trdnjavi 277 metrov, vas bo navdu\u0161il s svojim bogastvom barv, \u010dudovitimi razgledi, ki se razprostirajo z ne\u0161tetih teras vinogradov, \u010dudovito dolino reke Mirne, Gozd svetega Marka, najve\u010djo belo rasti\u0161\u010de tartufov na svetu veli\u010dastna U\u010dka in morje na drugi strani.<\/p>\t\t\t\t\t\t\t\t<\/div>\n\t\t\t\t<\/div>\n\t\t\t\t\t<\/div>\n\t\t<\/div>\n\t\t\t\t\t<\/div>\n\t\t<\/section>\n\t\t<div class=\"elementor-element elementor-element-afe31bc e-con-full e-flex e-con e-parent\" data-id=\"afe31bc\" data-element_type=\"container\" data-e-type=\"container\">\n\t\t\t\t<div class=\"elementor-element elementor-element-8739d1e elementor-widget elementor-widget-image\" data-id=\"8739d1e\" data-element_type=\"widget\" data-e-type=\"widget\" data-widget_type=\"image.default\">\n\t\t\t\t<div class=\"elementor-widget-container\">\n\t\t\t\t\t\t\t\t\t\t\t\t\t\t\t<img decoding=\"async\" width=\"1899\" height=\"586\" src=\"https:\/\/k-invest.hr\/givohiv\/uploads\/2025\/07\/bicikle-1.jpg\" class=\"attachment-full size-full wp-image-13085\" alt=\"\" srcset=\"https:\/\/k-invest.hr\/givohiv\/uploads\/2025\/07\/bicikle-1.jpg 1899w, https:\/\/k-invest.hr\/givohiv\/uploads\/2025\/07\/bicikle-1-300x93.jpg 300w, https:\/\/k-invest.hr\/givohiv\/uploads\/2025\/07\/bicikle-1-1024x316.jpg 1024w, https:\/\/k-invest.hr\/givohiv\/uploads\/2025\/07\/bicikle-1-768x237.jpg 768w, https:\/\/k-invest.hr\/givohiv\/uploads\/2025\/07\/bicikle-1-1536x474.jpg 1536w, https:\/\/k-invest.hr\/givohiv\/uploads\/2025\/07\/bicikle-1-18x6.jpg 18w\" sizes=\"(max-width: 1899px) 100vw, 1899px\" \/>\t\t\t\t\t\t\t\t\t\t\t\t\t\t\t<\/div>\n\t\t\t\t<\/div>\n\t\t\t\t<\/div>\n\t\t\t\t<section class=\"elementor-section elementor-top-section elementor-element elementor-element-3ba58b1 elementor-section-full_width qodef-elementor-content-grid elementor-section-height-default elementor-section-height-default\" data-id=\"3ba58b1\" data-element_type=\"section\" data-e-type=\"section\">\n\t\t\t\t\t\t<div class=\"elementor-container elementor-column-gap-no\">\n\t\t\t\t\t<div class=\"elementor-column elementor-col-100 elementor-top-column elementor-element elementor-element-217a9ec\" data-id=\"217a9ec\" data-element_type=\"column\" data-e-type=\"column\">\n\t\t\t<div class=\"elementor-widget-wrap elementor-element-populated\">\n\t\t\t\t\t\t<div class=\"elementor-element elementor-element-5b947af elementor-widget elementor-widget-text-editor\" data-id=\"5b947af\" data-element_type=\"widget\" data-e-type=\"widget\" data-widget_type=\"text-editor.default\">\n\t\t\t\t<div class=\"elementor-widget-container\">\n\t\t\t\t\t\t\t\t\t<p>Na morski strani se nahaja Rovinj, eno najbolj romanti\u010dnih mest na svetu, ki vas bo vedno navdu\u0161evalo s svojimi ozkimi ulicami, pisanimi hi\u0161ami in vonjem lokalne hrane ob morju, pod budnim o\u010desom za\u0161\u010ditnika sv. mesto, sv. Evfemije, katere kip na cerkvenem zvoniku se ponosno dviga nad mestom in mu daje prefinjeno srednjeve\u0161ko podobo.<\/p><p>Istra kot de\u017eela \u010dudes in nadnaravnih naravnih lepot postaja vse bolj neizogibna destinacija za ljubitelje avantur na dveh kolesih. Ko raziskujete Istro s kolesom, boste najbolje izkusili vse njene \u010dare z izbiro lastnih zelenih poti in poti, z ne\u0161tetimi naravnimi ali gastronomskimi koti\u010dki za po\u010ditek in sprostitev.<\/p><p>\u010carobnost sredozemskega vzdu\u0161ja v Istri boste ob\u010dutili skozi svoje prefinjene brbon\u010dice in se z vsakim gri\u017eljajem prepri\u010dali, da je Istra pravi gastronomski raj. Danes se ljudska in luksuzna kuhinja v Istri prepletata tako, da tradicionalne ikone, kot so pristne oblike testenin, \u0161koljk, rib in morskih sade\u017eev, \u0161pargljev, pr\u0161uta, sira, divjega mesa in neizogibnega istrskega tartufa dajejo posebno dozo prefinjenosti okusa. in aromo. <\/p>\t\t\t\t\t\t\t\t<\/div>\n\t\t\t\t<\/div>\n\t\t\t\t\t<\/div>\n\t\t<\/div>\n\t\t\t\t\t<\/div>\n\t\t<\/section>\n\t\t\t\t<section class=\"elementor-section elementor-top-section elementor-element elementor-element-29d9dcb elementor-section-full_width qodef-elementor-content-grid elementor-section-height-default elementor-section-height-default\" data-id=\"29d9dcb\" data-element_type=\"section\" data-e-type=\"section\">\n\t\t\t\t\t\t<div class=\"elementor-container elementor-column-gap-no\">\n\t\t\t\t\t<div class=\"elementor-column elementor-col-100 elementor-top-column elementor-element elementor-element-a7e36bd\" data-id=\"a7e36bd\" data-element_type=\"column\" data-e-type=\"column\">\n\t\t\t<div class=\"elementor-widget-wrap elementor-element-populated\">\n\t\t\t\t\t\t<div class=\"elementor-element elementor-element-d7b86c0 elementor-widget elementor-widget-hendon_core_stacked_images\" data-id=\"d7b86c0\" data-element_type=\"widget\" data-e-type=\"widget\" data-widget_type=\"hendon_core_stacked_images.default\">\n\t\t\t\t<div class=\"elementor-widget-container\">\n\t\t\t\t\t<div class=\"qodef-shortcode qodef-m  qodef-stacked-images qodef-layout--default qodef-image-outline qodef-image-outline-top-right   qodef-stacked-image-right\">\n\t<div class=\"qodef-m-images\" >\n\t\t\t\t\t<img loading=\"lazy\" decoding=\"async\" width=\"1000\" height=\"625\" src=\"https:\/\/k-invest.hr\/givohiv\/uploads\/2022\/03\/Wine-Croatia-2.jpg\" class=\"qodef-e-image qodef--main\" alt=\"\" srcset=\"https:\/\/k-invest.hr\/givohiv\/uploads\/2022\/03\/Wine-Croatia-2.jpg 1000w, https:\/\/k-invest.hr\/givohiv\/uploads\/2022\/03\/Wine-Croatia-2-300x188.jpg 300w, https:\/\/k-invest.hr\/givohiv\/uploads\/2022\/03\/Wine-Croatia-2-768x480.jpg 768w\" sizes=\"(max-width: 1000px) 100vw, 1000px\" \/>\t\t\t\t\n\t\t\t\t\t<div class=\"qodef-stack-image-holder\" style=\"top: 10%;left: 45%\">\n\t\t\t\t<div class=\"qodef-stack-image-holder-inner\">\n\t\t\t\t\t<div class=\"qodef-stack-image-img-holder\">\n\t\t\t\t\t<img loading=\"lazy\" decoding=\"async\" width=\"1000\" height=\"625\" src=\"https:\/\/k-invest.hr\/givohiv\/uploads\/2022\/03\/tartufi.jpg\" class=\"qodef-e-image qodef--stack\" alt=\"\" srcset=\"https:\/\/k-invest.hr\/givohiv\/uploads\/2022\/03\/tartufi.jpg 1000w, https:\/\/k-invest.hr\/givohiv\/uploads\/2022\/03\/tartufi-300x188.jpg 300w, https:\/\/k-invest.hr\/givohiv\/uploads\/2022\/03\/tartufi-768x480.jpg 768w\" sizes=\"(max-width: 1000px) 100vw, 1000px\" \/>\t\t\t\t\t<\/div>\n\t\t\t\t<\/div>\n\t\t\t<\/div>\n\t\t\n        \t<\/div>\n<\/div>\t\t\t\t<\/div>\n\t\t\t\t<\/div>\n\t\t\t\t<div class=\"elementor-element elementor-element-63e637a elementor-widget elementor-widget-text-editor\" data-id=\"63e637a\" data-element_type=\"widget\" data-e-type=\"widget\" data-widget_type=\"text-editor.default\">\n\t\t\t\t<div class=\"elementor-widget-container\">\n\t\t\t\t\t\t\t\t\t<p>Vsaka istrska jed, ki jo dopolnjujejo vrhunska ekstra devi\u0161ka olj\u010dna olja, ki so \u017ee vrsto let zapisana na svetovni zemljevid kot najbolj\u0161a na svetu, naredi festival pravi okus Istre. Brez nekaj zlatih kapljic, kapljice vrhunskega istrskega vina je nepopolno. Tiso\u010dletna tradicija gojenja te plemenite rastline je Istro popeljala v vrh svetovnega vinarstva z vini, kakr\u0161na morajo biti, izjemne kakovosti, arome in okusa regije ter dragocenih rok de\u017eele, v kateri so nastala. Teran, malvazija ali mu\u0161kat bodo dopolnili vsako gastronomsko do\u017eivetje tega veli\u010dastnega koti\u010dka de\u017eele.<\/p><p>Pridih tradicije in razko\u0161ja, ve\u010djezi\u010dnost, izjemna toplina prebivalcev, gastronomski u\u017eitki in naravne lepote naredijo Istro ne le kraj, ki ga morate obiskati, temve\u010d mesto navdiha, kjer si zagotovo zaslu\u017eite imeti svoj koti\u010dek.<\/p>\t\t\t\t\t\t\t\t<\/div>\n\t\t\t\t<\/div>\n\t\t\t\t<div class=\"elementor-element elementor-element-6768fc1 elementor-hidden-tablet elementor-hidden-mobile elementor-widget elementor-widget-image\" data-id=\"6768fc1\" data-element_type=\"widget\" data-e-type=\"widget\" data-widget_type=\"image.default\">\n\t\t\t\t<div class=\"elementor-widget-container\">\n\t\t\t\t\t\t\t\t\t\t\t\t\t\t\t<img loading=\"lazy\" decoding=\"async\" width=\"1920\" height=\"287\" src=\"https:\/\/k-invest.hr\/givohiv\/uploads\/2022\/03\/ulje.jpg\" class=\"attachment-full size-full wp-image-3803\" alt=\"\" srcset=\"https:\/\/k-invest.hr\/givohiv\/uploads\/2022\/03\/ulje.jpg 1920w, https:\/\/k-invest.hr\/givohiv\/uploads\/2022\/03\/ulje-300x45.jpg 300w, https:\/\/k-invest.hr\/givohiv\/uploads\/2022\/03\/ulje-1024x153.jpg 1024w, https:\/\/k-invest.hr\/givohiv\/uploads\/2022\/03\/ulje-768x115.jpg 768w, https:\/\/k-invest.hr\/givohiv\/uploads\/2022\/03\/ulje-1536x230.jpg 1536w\" sizes=\"(max-width: 1920px) 100vw, 1920px\" \/>\t\t\t\t\t\t\t\t\t\t\t\t\t\t\t<\/div>\n\t\t\t\t<\/div>\n\t\t\t\t\t<\/div>\n\t\t<\/div>\n\t\t\t\t\t<\/div>\n\t\t<\/section>\n\t\t\t\t<section class=\"elementor-section elementor-top-section elementor-element elementor-element-90e875d elementor-section-full_width elementor-section-content-middle elementor-hidden-desktop elementor-section-height-default elementor-section-height-default qodef-elementor-content-no\" data-id=\"90e875d\" data-element_type=\"section\" data-e-type=\"section\">\n\t\t\t\t\t\t<div class=\"elementor-container elementor-column-gap-default\">\n\t\t\t\t\t<div class=\"elementor-column elementor-col-100 elementor-top-column elementor-element elementor-element-4df5e3d\" data-id=\"4df5e3d\" data-element_type=\"column\" data-e-type=\"column\">\n\t\t\t<div class=\"elementor-widget-wrap elementor-element-populated\">\n\t\t\t\t\t\t<div class=\"elementor-element elementor-element-bcf96b0 elementor-widget elementor-widget-image\" data-id=\"bcf96b0\" data-element_type=\"widget\" data-e-type=\"widget\" data-widget_type=\"image.default\">\n\t\t\t\t<div class=\"elementor-widget-container\">\n\t\t\t\t\t\t\t\t\t\t\t\t\t\t\t<img loading=\"lazy\" decoding=\"async\" width=\"1000\" height=\"667\" src=\"https:\/\/k-invest.hr\/givohiv\/uploads\/2022\/03\/olive-oil.jpg\" class=\"attachment-large size-large wp-image-4115\" alt=\"\" srcset=\"https:\/\/k-invest.hr\/givohiv\/uploads\/2022\/03\/olive-oil.jpg 1000w, https:\/\/k-invest.hr\/givohiv\/uploads\/2022\/03\/olive-oil-300x200.jpg 300w, https:\/\/k-invest.hr\/givohiv\/uploads\/2022\/03\/olive-oil-768x512.jpg 768w\" sizes=\"(max-width: 1000px) 100vw, 1000px\" \/>\t\t\t\t\t\t\t\t\t\t\t\t\t\t\t<\/div>\n\t\t\t\t<\/div>\n\t\t\t\t\t<\/div>\n\t\t<\/div>\n\t\t\t\t\t<\/div>\n\t\t<\/section>\n\t\t\t\t<\/div>","protected":false},"excerpt":{"rendered":"<p>Magical Istria has this epithet for a reason! Increasingly visited and popular, ranked among the world&#8217;s top destinations worth visiting, Istria has become a valuable cultural, historical, natural and gastronomic brand. It is a region that easily intertwines its turbulent history with modern motifs, remnants of ancient civilizations and cultural and natural attractions, and a [&hellip;]<\/p>\n","protected":false},"author":1,"featured_media":0,"parent":0,"menu_order":0,"comment_status":"closed","ping_status":"closed","template":"page-full-width.php","meta":{"footnotes":""},"class_list":["post-1297","page","type-page","status-publish","hentry"],"aioseo_notices":[],"_links":{"self":[{"href":"https:\/\/k-invest.hr\/sl\/wp-json\/wp\/v2\/pages\/1297","targetHints":{"allow":["GET"]}}],"collection":[{"href":"https:\/\/k-invest.hr\/sl\/wp-json\/wp\/v2\/pages"}],"about":[{"href":"https:\/\/k-invest.hr\/sl\/wp-json\/wp\/v2\/types\/page"}],"author":[{"embeddable":true,"href":"https:\/\/k-invest.hr\/sl\/wp-json\/wp\/v2\/users\/1"}],"replies":[{"embeddable":true,"href":"https:\/\/k-invest.hr\/sl\/wp-json\/wp\/v2\/comments?post=1297"}],"version-history":[{"count":81,"href":"https:\/\/k-invest.hr\/sl\/wp-json\/wp\/v2\/pages\/1297\/revisions"}],"predecessor-version":[{"id":13088,"href":"https:\/\/k-invest.hr\/sl\/wp-json\/wp\/v2\/pages\/1297\/revisions\/13088"}],"wp:attachment":[{"href":"https:\/\/k-invest.hr\/sl\/wp-json\/wp\/v2\/media?parent=1297"}],"curies":[{"name":"wp","href":"https:\/\/api.w.org\/{rel}","templated":true}]}}