{"id":9978,"date":"2024-04-24T09:15:29","date_gmt":"2024-04-24T09:15:29","guid":{"rendered":"https:\/\/k-invest.hr\/?page_id=9978"},"modified":"2024-04-24T09:19:14","modified_gmt":"2024-04-24T09:19:14","slug":"terms-of-service","status":"publish","type":"page","link":"https:\/\/k-invest.hr\/de\/nutzungsbedingungen\/","title":{"rendered":"Nutzungsbedingungen"},"content":{"rendered":"<div data-elementor-type=\"wp-page\" data-elementor-id=\"9978\" class=\"elementor elementor-9978\">\n\t\t\t\t\t\t<section class=\"elementor-section elementor-top-section elementor-element elementor-element-7e85377 elementor-section-boxed elementor-section-height-default elementor-section-height-default qodef-elementor-content-no\" data-id=\"7e85377\" data-element_type=\"section\" data-e-type=\"section\">\n\t\t\t\t\t\t<div class=\"elementor-container elementor-column-gap-default\">\n\t\t\t\t\t<div class=\"elementor-column elementor-col-100 elementor-top-column elementor-element elementor-element-f1eb3aa\" data-id=\"f1eb3aa\" data-element_type=\"column\" data-e-type=\"column\">\n\t\t\t<div class=\"elementor-widget-wrap elementor-element-populated\">\n\t\t\t\t\t\t<div class=\"elementor-element elementor-element-0d49f0f elementor-widget elementor-widget-heading\" data-id=\"0d49f0f\" data-element_type=\"widget\" data-e-type=\"widget\" data-widget_type=\"heading.default\">\n\t\t\t\t<div class=\"elementor-widget-container\">\n\t\t\t\t\t<h2 class=\"elementor-heading-title elementor-size-default\">Nutzungsbedingungen<\/h2>\t\t\t\t<\/div>\n\t\t\t\t<\/div>\n\t\t\t\t\t<\/div>\n\t\t<\/div>\n\t\t\t\t\t<\/div>\n\t\t<\/section>\n\t\t\t\t<section class=\"elementor-section elementor-top-section elementor-element elementor-element-baa729b elementor-section-boxed elementor-section-height-default elementor-section-height-default qodef-elementor-content-no\" data-id=\"baa729b\" data-element_type=\"section\" data-e-type=\"section\">\n\t\t\t\t\t\t<div class=\"elementor-container elementor-column-gap-default\">\n\t\t\t\t\t<div class=\"elementor-column elementor-col-100 elementor-top-column elementor-element elementor-element-2d45f21\" data-id=\"2d45f21\" data-element_type=\"column\" data-e-type=\"column\">\n\t\t\t<div class=\"elementor-widget-wrap elementor-element-populated\">\n\t\t\t\t\t\t<div class=\"elementor-element elementor-element-06d36ee elementor-widget elementor-widget-text-editor\" data-id=\"06d36ee\" data-element_type=\"widget\" data-e-type=\"widget\" data-widget_type=\"text-editor.default\">\n\t\t\t\t<div class=\"elementor-widget-container\">\n\t\t\t\t\t\t\t\t\t<p>Bitte lesen Sie diese Gesch\u00e4ftsbedingungen sorgf\u00e4ltig durch, bevor Sie unseren Service nutzen.<\/p><h3>Interpretation und Definitionen<\/h3><h4>Deutung<\/h4><p>Die W\u00f6rter, deren Anfangsbuchstabe gro\u00df geschrieben ist, haben unter den folgenden Bedingungen die definierte Bedeutung. Die folgenden Definitionen haben dieselbe Bedeutung, unabh\u00e4ngig davon, ob sie im Singular oder im Plural stehen.<\/p><h4>Definitionen<\/h4><p>Im Sinne dieser Allgemeinen Gesch\u00e4ftsbedingungen:<\/p><p><strong>Affiliate<\/strong> bezeichnet eine Einheit, die eine Partei kontrolliert, von einer Partei kontrolliert wird oder mit einer Partei unter gemeinsamer Kontrolle steht, wobei \u201eKontrolle\u201c den Besitz von 50% oder mehr der Aktien, Anteile oder anderen Wertpapiere bedeutet, die zur Wahl von Direktoren oder anderen Leitungsorganen berechtigt sind.<\/p><p><strong>Land<\/strong> bezieht sich auf: Kroatien<\/p><p><strong>Unternehmen<\/strong> (in dieser Vereinbarung als \u201edas Unternehmen\u201c, \u201eWir\u201c, \u201eUns\u201c oder \u201eUnser\u201c bezeichnet) bezieht sich auf K.Invest doo, Goranska 49, Novigrad.<\/p><p><strong>Ger\u00e4t<\/strong> bezeichnet jedes Ger\u00e4t, das auf den Dienst zugreifen kann, beispielsweise ein Computer, ein Mobiltelefon oder ein Tablet.<\/p><p><strong>Service<\/strong> bezieht sich auf die Website.<\/p><p><strong>Gesch\u00e4ftsbedingungen<\/strong> (auch als \u201eBedingungen\u201c bezeichnet) bezeichnet diese Allgemeinen Gesch\u00e4ftsbedingungen, die die gesamte Vereinbarung zwischen Ihnen und dem Unternehmen bez\u00fcglich der Nutzung des Dienstes bilden. Diese Allgemeinen Gesch\u00e4ftsbedingungen wurden mit Hilfe der <a href=\"https:\/\/www.termsfeed.com\/terms-conditions-generator\/\">AGB-Generator<\/a>.<\/p><p><strong>Social-Media-Dienst eines Drittanbieters<\/strong> bezeichnet alle von Dritten bereitgestellten Dienste oder Inhalte (einschlie\u00dflich Daten, Informationen, Produkte oder Dienste), die vom Dienst angezeigt, aufgenommen oder verf\u00fcgbar gemacht werden k\u00f6nnen.<\/p><p><strong>Webseite<\/strong> verweist auf K.Invest, erreichbar \u00fcber <a href=\"\/de\/www.k-invest.hr\/\">www.k-invest.hr<\/a><\/p><p><strong>Du<\/strong> bezeichnet die Person, die auf den Dienst zugreift oder ihn nutzt, bzw. das Unternehmen oder eine andere juristische Person, in deren Namen diese Person auf den Dienst zugreift oder ihn nutzt, je nach Fall.<\/p><h3>Wissen<\/h3><p>Dies sind die Allgemeinen Gesch\u00e4ftsbedingungen f\u00fcr die Nutzung dieses Dienstes und die Vereinbarung zwischen Ihnen und dem Unternehmen. Diese Allgemeinen Gesch\u00e4ftsbedingungen legen die Rechte und Pflichten aller Benutzer in Bezug auf die Nutzung des Dienstes fest.<\/p><p>Ihr Zugriff auf den Dienst und dessen Nutzung ist an die Annahme und Einhaltung dieser Allgemeinen Gesch\u00e4ftsbedingungen gebunden. Diese Allgemeinen Gesch\u00e4ftsbedingungen gelten f\u00fcr alle Besucher, Benutzer und andere Personen, die auf den Dienst zugreifen oder ihn nutzen.<\/p><p>Indem Sie auf den Dienst zugreifen oder ihn nutzen, erkl\u00e4ren Sie sich mit diesen Allgemeinen Gesch\u00e4ftsbedingungen einverstanden. Wenn Sie mit irgendeinem Teil dieser Allgemeinen Gesch\u00e4ftsbedingungen nicht einverstanden sind, d\u00fcrfen Sie nicht auf den Dienst zugreifen.<\/p><p>Sie erkl\u00e4ren, dass Sie \u00fcber 18 Jahre alt sind. Das Unternehmen gestattet Personen unter 18 Jahren nicht, den Dienst zu nutzen.<\/p><p>Ihr Zugriff auf den Dienst und dessen Nutzung ist au\u00dferdem davon abh\u00e4ngig, dass Sie die Datenschutzrichtlinie des Unternehmens akzeptieren und einhalten. Unsere Datenschutzrichtlinie beschreibt unsere Richtlinien und Verfahren zur Erfassung, Verwendung und Offenlegung Ihrer pers\u00f6nlichen Daten, wenn Sie die Anwendung oder die Website verwenden, und informiert Sie \u00fcber Ihre Datenschutzrechte und wie das Gesetz Sie sch\u00fctzt. Bitte lesen Sie unsere Datenschutzrichtlinie sorgf\u00e4ltig durch, bevor Sie unseren Dienst nutzen.<\/p><h3>Links zu anderen Websites<\/h3><p>Unser Service kann Links zu Websites oder Diensten Dritter enthalten, die nicht Eigentum des Unternehmens sind oder von diesem kontrolliert werden.<\/p><p>Das Unternehmen hat keine Kontrolle \u00fcber und \u00fcbernimmt keine Verantwortung f\u00fcr den Inhalt, die Datenschutzrichtlinien oder die Praktiken von Websites oder Diensten Dritter. Sie erkennen weiterhin an und stimmen zu, dass das Unternehmen weder direkt noch indirekt f\u00fcr Sch\u00e4den oder Verluste verantwortlich oder haftbar ist, die durch oder im Zusammenhang mit der Nutzung oder dem Vertrauen auf solche Inhalte, Waren oder Dienste, die auf oder \u00fcber solche Websites oder Dienste verf\u00fcgbar sind, verursacht wurden oder angeblich verursacht wurden.<\/p><p>Wir empfehlen Ihnen dringend, die Allgemeinen Gesch\u00e4ftsbedingungen und Datenschutzrichtlinien aller von Ihnen besuchten Websites oder Dienste Dritter zu lesen.<\/p><h3>Beendigung<\/h3><p>Wir k\u00f6nnen Ihren Zugang aus jedwedem Grund, insbesondere bei Versto\u00df Ihrerseits gegen diese Allgemeinen Gesch\u00e4ftsbedingungen, sofort und ohne Vorank\u00fcndigung oder Haftung beenden oder sperren.<\/p><p>Mit der K\u00fcndigung erlischt Ihr Recht zur Nutzung des Dienstes sofort.<\/p><h3>Haftungsbeschr\u00e4nkung<\/h3><p>Ungeachtet etwaiger Sch\u00e4den, die Ihnen entstehen k\u00f6nnen, ist die gesamte Haftung des Unternehmens und seiner Lieferanten gem\u00e4\u00df den Bestimmungen dieser Bedingungen und Ihr ausschlie\u00dflicher Rechtsbehelf f\u00fcr alle vorgenannten Punkte auf den Betrag begrenzt, den Sie tats\u00e4chlich \u00fcber den Dienst bezahlt haben, bzw. auf 100 USD, wenn Sie nichts \u00fcber den Dienst erworben haben.<\/p><p>Soweit nach geltendem Recht zul\u00e4ssig, haftet das Unternehmen oder seine Lieferanten in keinem Fall f\u00fcr spezielle, zuf\u00e4llige, indirekte oder Folgesch\u00e4den jeglicher Art (einschlie\u00dflich, aber nicht beschr\u00e4nkt auf Sch\u00e4den durch entgangenen Gewinn, Verlust von Daten oder anderen Informationen, Gesch\u00e4ftsunterbrechung, Personensch\u00e4den, Verlust von Privatsph\u00e4re, die aus der Nutzung oder der Unm\u00f6glichkeit der Nutzung des Dienstes, der mit dem Dienst verwendeten Drittsoftware und\/oder Dritthardware oder anderweitig im Zusammenhang mit einer Bestimmung dieser Bedingungen entstehen oder damit in Zusammenhang stehen), selbst wenn das Unternehmen oder ein Lieferant auf die M\u00f6glichkeit derartiger Sch\u00e4den hingewiesen wurde und auch dann nicht, wenn das Rechtsmittel seinen wesentlichen Zweck verfehlt.<\/p><p>In einigen Staaten ist der Ausschluss stillschweigender Garantien oder die Haftungsbeschr\u00e4nkung f\u00fcr Neben- oder Folgesch\u00e4den nicht zul\u00e4ssig, was bedeutet, dass einige der oben genannten Beschr\u00e4nkungen m\u00f6glicherweise nicht gelten. In diesen Staaten wird die Haftung jeder Partei im gr\u00f6\u00dftm\u00f6glichen gesetzlich zul\u00e4ssigen Umfang beschr\u00e4nkt.<\/p><h3>\u201eWIE BESEHEN\u201c und \u201eWIE VERF\u00dcGBAR\u201c Haftungsausschluss<\/h3><p>Der Dienst wird Ihnen \u201eWIE BESEHEN\u201c und \u201eWIE VERF\u00dcGBAR\u201c und mit allen Fehlern und M\u00e4ngeln ohne jegliche Garantie bereitgestellt. Soweit nach geltendem Recht zul\u00e4ssig, lehnt das Unternehmen in seinem eigenen Namen und im Namen seiner verbundenen Unternehmen und seiner und deren jeweiligen Lizenzgeber und Dienstanbieter ausdr\u00fccklich alle Garantien, ob ausdr\u00fccklich, stillschweigend, gesetzlich oder anderweitig, in Bezug auf den Dienst ab, einschlie\u00dflich aller stillschweigenden Garantien f\u00fcr Marktg\u00e4ngigkeit, Eignung f\u00fcr einen bestimmten Zweck, Titel und Nichtverletzung sowie Garantien, die sich aus dem Gesch\u00e4ftsverlauf, der Leistung, der Nutzung oder der Handelspraxis ergeben k\u00f6nnen. Unbeschadet des Vorstehenden \u00fcbernimmt das Unternehmen keine Garantie oder Zusage und macht keinerlei Zusicherungen, dass der Dienst Ihren Anforderungen entspricht, die beabsichtigten Ergebnisse erzielt, mit anderer Software, Anwendungen, Systemen oder Diensten kompatibel ist oder mit diesen funktioniert, ohne Unterbrechung funktioniert, Leistungs- oder Zuverl\u00e4ssigkeitsstandards erf\u00fcllt oder fehlerfrei ist oder dass Fehler oder M\u00e4ngel behoben werden k\u00f6nnen oder werden.<\/p><p>Unbeschadet des Vorstehenden \u00fcbernehmen weder das Unternehmen noch einer seiner Anbieter ausdr\u00fcckliche oder stillschweigende Zusicherungen oder Garantien jeglicher Art (i) hinsichtlich Funktionsweise oder Verf\u00fcgbarkeit des Dienstes oder der darin enthaltenen Informationen, Inhalte und Materialien oder Produkte, (ii) dass der Dienst ohne Unterbrechungen oder fehlerfrei bereitgestellt wird, (iii) hinsichtlich Richtigkeit, Zuverl\u00e4ssigkeit oder Aktualit\u00e4t der \u00fcber den Dienst bereitgestellten Informationen oder Inhalte oder (iv) dass der Dienst, seine Server, die Inhalte oder die vom Unternehmen oder in dessen Namen versandten E-Mails frei von Viren, Skripten, Trojanern, W\u00fcrmern, Schadsoftware, Zeitbomben oder anderen sch\u00e4dlichen Komponenten sind.<\/p><p>In einigen Rechtsgebieten ist der Ausschluss bestimmter Arten von Garantien oder die Einschr\u00e4nkung geltender gesetzlicher Rechte eines Verbrauchers nicht zul\u00e4ssig. Daher gelten einige oder alle der oben genannten Ausschl\u00fcsse und Einschr\u00e4nkungen m\u00f6glicherweise nicht f\u00fcr Sie. In einem solchen Fall gelten jedoch die in diesem Abschnitt aufgef\u00fchrten Ausschl\u00fcsse und Einschr\u00e4nkungen im gr\u00f6\u00dftm\u00f6glichen Umfang, der nach geltendem Recht durchsetzbar ist.<\/p><h3>Geltendes Recht<\/h3><p>Diese Bedingungen und Ihre Nutzung des Dienstes unterliegen den Gesetzen des Landes unter Ausschluss der Kollisionsnormen. Ihre Nutzung der Anwendung kann auch anderen lokalen, staatlichen, nationalen oder internationalen Gesetzen unterliegen.<\/p><h3>Streitbeilegung<\/h3><p>Wenn Sie Bedenken oder Streitigkeiten in Bezug auf den Service haben, erkl\u00e4ren Sie sich damit einverstanden, zun\u00e4chst zu versuchen, die Streitigkeit informell beizulegen, indem Sie sich an das Unternehmen wenden.<\/p><h3>F\u00fcr Benutzer aus der Europ\u00e4ischen Union (EU)<\/h3><p>Wenn Sie ein Verbraucher aus der Europ\u00e4ischen Union sind, profitieren Sie von allen zwingenden Bestimmungen des Rechts des Landes, in dem Sie Ihren Wohnsitz haben.<\/p><h3>Einhaltung gesetzlicher Vorschriften in den USA<\/h3><p>Sie erkl\u00e4ren und gew\u00e4hrleisten, dass (i) Sie sich nicht in einem Land befinden, das einem Embargo der US-Regierung unterliegt oder von der US-Regierung als den Terrorismus unterst\u00fctzendes Land eingestuft wurde, und (ii) Sie auf keiner Liste der US-Regierung mit verbotenen oder eingeschr\u00e4nkten Parteien aufgef\u00fchrt sind.<\/p><h3>Salvatorische Klausel und Verzicht<\/h3><h4>Salvatorische Klausel<\/h4><p>Sollte eine Bestimmung dieser Bedingungen f\u00fcr nicht durchsetzbar oder ung\u00fcltig befunden werden, wird diese Bestimmung ge\u00e4ndert und so ausgelegt, dass die Ziele dieser Bestimmung im gr\u00f6\u00dftm\u00f6glichen Umfang gem\u00e4\u00df geltendem Recht erreicht werden. Die \u00fcbrigen Bestimmungen bleiben davon unber\u00fchrt und voll wirksam.<\/p><h4>Verzicht<\/h4><p>Sofern hierin nichts anderes bestimmt ist, hat das Vers\u00e4umnis, ein Recht auszu\u00fcben oder die Erf\u00fcllung einer Verpflichtung gem\u00e4\u00df diesen Bedingungen zu verlangen, keinen Einfluss auf die M\u00f6glichkeit einer Partei, dieses Recht zu einem sp\u00e4teren Zeitpunkt auszu\u00fcben oder diese Erf\u00fcllung zu verlangen, noch stellt der Verzicht auf die Geltendmachung einer Verletzung einen Verzicht auf die Geltendmachung nachfolgender Verletzungen dar.<\/p><h3>\u00dcbersetzung und Dolmetschen<\/h3><p>Diese Allgemeinen Gesch\u00e4ftsbedingungen k\u00f6nnen \u00fcbersetzt worden sein, wenn wir sie Ihnen \u00fcber unseren Service zur Verf\u00fcgung gestellt haben. Sie erkl\u00e4ren sich damit einverstanden, dass im Streitfall der englische Originaltext ma\u00dfgebend ist.<\/p><h3>\u00c4nderungen dieser Allgemeinen Gesch\u00e4ftsbedingungen<\/h3><p>Wir behalten uns das Recht vor, diese Bedingungen jederzeit nach eigenem Ermessen zu \u00e4ndern oder zu ersetzen. Wenn eine \u00dcberarbeitung wesentlich ist, werden wir angemessene Anstrengungen unternehmen, um mindestens 30 Tage vor Inkrafttreten neuer Bedingungen eine Benachrichtigung zu senden. Was eine wesentliche \u00c4nderung darstellt, wird nach unserem alleinigen Ermessen bestimmt.<\/p><p>Indem Sie nach Inkrafttreten dieser \u00c4nderungen weiterhin auf unseren Service zugreifen oder ihn nutzen, erkl\u00e4ren Sie sich mit den \u00fcberarbeiteten Bedingungen einverstanden. Wenn Sie den neuen Bedingungen ganz oder teilweise nicht zustimmen, beenden Sie bitte die Nutzung der Website und des Dienstes.<\/p><h3>Kontaktiere uns<\/h3><p>Wenn Sie Fragen zu diesen Allgemeinen Gesch\u00e4ftsbedingungen haben, k\u00f6nnen Sie uns wie folgt kontaktieren:<\/p><ul><li>Per E-Mail: info@k-invest.hr<\/li><\/ul>\t\t\t\t\t\t\t\t<\/div>\n\t\t\t\t<\/div>\n\t\t\t\t\t<\/div>\n\t\t<\/div>\n\t\t\t\t\t<\/div>\n\t\t<\/section>\n\t\t\t\t<\/div>","protected":false},"excerpt":{"rendered":"<p>Terms of service Please read these terms and conditions carefully before using Our Service. Interpretation and Definitions Interpretation The words of which the initial letter is capitalized have meanings defined under the following conditions. The following definitions shall have the same meaning regardless of whether they appear in singular or in plural. Definitions For the [&hellip;]<\/p>\n","protected":false},"author":2,"featured_media":0,"parent":0,"menu_order":0,"comment_status":"closed","ping_status":"closed","template":"","meta":{"footnotes":""},"class_list":["post-9978","page","type-page","status-publish","hentry"],"aioseo_notices":[],"_links":{"self":[{"href":"https:\/\/k-invest.hr\/de\/wp-json\/wp\/v2\/pages\/9978","targetHints":{"allow":["GET"]}}],"collection":[{"href":"https:\/\/k-invest.hr\/de\/wp-json\/wp\/v2\/pages"}],"about":[{"href":"https:\/\/k-invest.hr\/de\/wp-json\/wp\/v2\/types\/page"}],"author":[{"embeddable":true,"href":"https:\/\/k-invest.hr\/de\/wp-json\/wp\/v2\/users\/2"}],"replies":[{"embeddable":true,"href":"https:\/\/k-invest.hr\/de\/wp-json\/wp\/v2\/comments?post=9978"}],"version-history":[{"count":4,"href":"https:\/\/k-invest.hr\/de\/wp-json\/wp\/v2\/pages\/9978\/revisions"}],"predecessor-version":[{"id":9983,"href":"https:\/\/k-invest.hr\/de\/wp-json\/wp\/v2\/pages\/9978\/revisions\/9983"}],"wp:attachment":[{"href":"https:\/\/k-invest.hr\/de\/wp-json\/wp\/v2\/media?parent=9978"}],"curies":[{"name":"wp","href":"https:\/\/api.w.org\/{rel}","templated":true}]}}