{"id":9218,"date":"2024-03-01T09:14:06","date_gmt":"2024-03-01T09:14:06","guid":{"rendered":"https:\/\/k-invest.hr\/?page_id=9218"},"modified":"2025-07-22T18:32:44","modified_gmt":"2025-07-22T18:32:44","slug":"sale-of-land-plot","status":"publish","type":"page","link":"https:\/\/k-invest.hr\/de\/verkauf-eines-grundstucks\/","title":{"rendered":"BAUGRUNDST\u00dcCKE"},"content":{"rendered":"<div data-elementor-type=\"wp-page\" data-elementor-id=\"9218\" class=\"elementor elementor-9218\">\n\t\t\t\t\t\t<section class=\"elementor-section elementor-top-section elementor-element elementor-element-1748bce elementor-section-boxed elementor-section-height-default elementor-section-height-default qodef-elementor-content-no\" data-id=\"1748bce\" data-element_type=\"section\" data-e-type=\"section\">\n\t\t\t\t\t\t<div class=\"elementor-container elementor-column-gap-default\">\n\t\t\t\t\t<div class=\"elementor-column elementor-col-100 elementor-top-column elementor-element elementor-element-23bd4be\" data-id=\"23bd4be\" data-element_type=\"column\" data-e-type=\"column\">\n\t\t\t<div class=\"elementor-widget-wrap elementor-element-populated\">\n\t\t\t\t\t\t<div class=\"elementor-element elementor-element-ae4647a elementor-widget elementor-widget-spacer\" data-id=\"ae4647a\" data-element_type=\"widget\" data-e-type=\"widget\" data-widget_type=\"spacer.default\">\n\t\t\t\t<div class=\"elementor-widget-container\">\n\t\t\t\t\t\t\t<div class=\"elementor-spacer\">\n\t\t\t<div class=\"elementor-spacer-inner\"><\/div>\n\t\t<\/div>\n\t\t\t\t\t\t<\/div>\n\t\t\t\t<\/div>\n\t\t\t\t\t<\/div>\n\t\t<\/div>\n\t\t\t\t\t<\/div>\n\t\t<\/section>\n\t\t\t\t<section class=\"elementor-section elementor-top-section elementor-element elementor-element-874810e elementor-section-boxed elementor-section-height-default elementor-section-height-default qodef-elementor-content-no\" data-id=\"874810e\" data-element_type=\"section\" data-e-type=\"section\">\n\t\t\t\t\t\t<div class=\"elementor-container elementor-column-gap-default\">\n\t\t\t\t\t<div class=\"elementor-column elementor-col-100 elementor-top-column elementor-element elementor-element-d1db67f\" data-id=\"d1db67f\" data-element_type=\"column\" data-e-type=\"column\">\n\t\t\t<div class=\"elementor-widget-wrap elementor-element-populated\">\n\t\t\t\t\t\t<div class=\"elementor-element elementor-element-f32e5d9 elementor-widget elementor-widget-hendon_core_section_title\" data-id=\"f32e5d9\" data-element_type=\"widget\" data-e-type=\"widget\" data-widget_type=\"hendon_core_section_title.default\">\n\t\t\t\t<div class=\"elementor-widget-container\">\n\t\t\t\t\t<div class=\"qodef-shortcode qodef-m  qodef-section-title qodef-alignment--center\">\n\t\t<h2 class=\"qodef-m-title\" >\n\t\t\t\t\tGRUNDST\u00dcCKE\t\t\t<\/h2>\n\t<\/div>\t\t\t\t<\/div>\n\t\t\t\t<\/div>\n\t\t\t\t\t<\/div>\n\t\t<\/div>\n\t\t\t\t\t<\/div>\n\t\t<\/section>\n\t\t\t\t<section class=\"elementor-section elementor-top-section elementor-element elementor-element-c3c11d3 elementor-section-boxed elementor-section-height-default elementor-section-height-default qodef-elementor-content-no\" data-id=\"c3c11d3\" data-element_type=\"section\" data-e-type=\"section\">\n\t\t\t\t\t\t<div class=\"elementor-container elementor-column-gap-default\">\n\t\t\t\t\t<div class=\"elementor-column elementor-col-100 elementor-top-column elementor-element elementor-element-11e1ee4\" data-id=\"11e1ee4\" data-element_type=\"column\" data-e-type=\"column\">\n\t\t\t<div class=\"elementor-widget-wrap elementor-element-populated\">\n\t\t\t\t\t\t<div class=\"elementor-element elementor-element-a19018d elementor-widget elementor-widget-image\" data-id=\"a19018d\" data-element_type=\"widget\" data-e-type=\"widget\" data-widget_type=\"image.default\">\n\t\t\t\t<div class=\"elementor-widget-container\">\n\t\t\t\t\t\t\t\t\t\t\t\t\t\t\t<img fetchpriority=\"high\" decoding=\"async\" width=\"1024\" height=\"576\" src=\"https:\/\/k-invest.hr\/givohiv\/uploads\/2024\/05\/1plot-scaledA-1024x576-web.jpg\" class=\"attachment-large size-large wp-image-11745\" alt=\"\" srcset=\"https:\/\/k-invest.hr\/givohiv\/uploads\/2024\/05\/1plot-scaledA-1024x576-web.jpg 1024w, https:\/\/k-invest.hr\/givohiv\/uploads\/2024\/05\/1plot-scaledA-1024x576-web-300x169.jpg 300w, https:\/\/k-invest.hr\/givohiv\/uploads\/2024\/05\/1plot-scaledA-1024x576-web-768x432.jpg 768w\" sizes=\"(max-width: 1024px) 100vw, 1024px\" \/>\t\t\t\t\t\t\t\t\t\t\t\t\t\t\t<\/div>\n\t\t\t\t<\/div>\n\t\t\t\t\t<\/div>\n\t\t<\/div>\n\t\t\t\t\t<\/div>\n\t\t<\/section>\n\t\t\t\t<section class=\"elementor-section elementor-top-section elementor-element elementor-element-1e21df6 elementor-section-boxed elementor-section-height-default elementor-section-height-default qodef-elementor-content-no\" data-id=\"1e21df6\" data-element_type=\"section\" data-e-type=\"section\">\n\t\t\t\t\t\t<div class=\"elementor-container elementor-column-gap-default\">\n\t\t\t\t\t<div class=\"elementor-column elementor-col-100 elementor-top-column elementor-element elementor-element-091c36d\" data-id=\"091c36d\" data-element_type=\"column\" data-e-type=\"column\">\n\t\t\t<div class=\"elementor-widget-wrap elementor-element-populated\">\n\t\t\t\t\t\t<div class=\"elementor-element elementor-element-1755bb6 elementor-widget elementor-widget-text-editor\" data-id=\"1755bb6\" data-element_type=\"widget\" data-e-type=\"widget\" data-widget_type=\"text-editor.default\">\n\t\t\t\t<div class=\"elementor-widget-container\">\n\t\t\t\t\t\t\t\t\t<p>-k.\u010d.193\/2 = 1032m2 =268.000EUR<\/p><p>-k.\u010d.193\/7 = 1036m2 =227.000EUR<\/p><p>-k.\u010d.193\/8 = 1036m2 = 227.000EUR<\/p>\t\t\t\t\t\t\t\t<\/div>\n\t\t\t\t<\/div>\n\t\t\t\t<div class=\"elementor-element elementor-element-c63ddd6 elementor-widget elementor-widget-text-editor\" data-id=\"c63ddd6\" data-element_type=\"widget\" data-e-type=\"widget\" data-widget_type=\"text-editor.default\">\n\t\t\t\t<div class=\"elementor-widget-container\">\n\t\t\t\t\t\t\t\t\t<div class=\"lRu31 translation-block\" dir=\"ltr\">Ausgezeichnete Lage, weiter Blick auf das Meer. Ruhige Umgebung. Die Infrastruktur befindet sich auf dem Grundst\u00fcck. Das Grundst\u00fcck liegt an einem sanften Hang und hat eine regelm\u00e4\u00dfige quadratische Form. 1 km vom Zentrum von Buja entfernt. M\u00f6glicher Bau eines Hauses bestehend aus Keller, Erdgeschoss und Obergeschoss.<\/div><div class=\"UdTY9 WdefRb\" aria-hidden=\"true\" data-location=\"2\"><div class=\"kO6q6e\">\u00a0<\/div><\/div>\t\t\t\t\t\t\t\t<\/div>\n\t\t\t\t<\/div>\n\t\t\t\t\t<\/div>\n\t\t<\/div>\n\t\t\t\t\t<\/div>\n\t\t<\/section>\n\t\t\t\t<section class=\"elementor-section elementor-top-section elementor-element elementor-element-8f696ba elementor-section-boxed elementor-section-height-default elementor-section-height-default qodef-elementor-content-no\" data-id=\"8f696ba\" data-element_type=\"section\" data-e-type=\"section\">\n\t\t\t\t\t\t<div class=\"elementor-container elementor-column-gap-default\">\n\t\t\t\t\t<div class=\"elementor-column elementor-col-50 elementor-top-column elementor-element elementor-element-fe39dc4\" data-id=\"fe39dc4\" data-element_type=\"column\" data-e-type=\"column\">\n\t\t\t<div class=\"elementor-widget-wrap elementor-element-populated\">\n\t\t\t\t\t\t<div class=\"elementor-element elementor-element-fb45271 elementor-widget elementor-widget-image\" data-id=\"fb45271\" data-element_type=\"widget\" data-e-type=\"widget\" data-widget_type=\"image.default\">\n\t\t\t\t<div class=\"elementor-widget-container\">\n\t\t\t\t\t\t\t\t\t\t\t\t\t\t\t\t<a href=\"https:\/\/k-invest.hr\/givohiv\/uploads\/2024\/03\/plot-2-scaled.jpg\" data-elementor-open-lightbox=\"yes\" data-elementor-lightbox-title=\"default\" data-e-action-hash=\"#elementor-action%3Aaction%3Dlightbox%26settings%3DeyJpZCI6OTIzNiwidXJsIjoiaHR0cHM6XC9cL2staW52ZXN0LmhyXC93cC1jb250ZW50XC91cGxvYWRzXC8yMDI0XC8wM1wvcGxvdC0yLXNjYWxlZC5qcGcifQ%3D%3D\">\n\t\t\t\t\t\t\t<img decoding=\"async\" width=\"1024\" height=\"576\" src=\"https:\/\/k-invest.hr\/givohiv\/uploads\/2024\/03\/plot-2-1024x576.jpg\" class=\"attachment-large size-large wp-image-9236\" alt=\"\" srcset=\"https:\/\/k-invest.hr\/givohiv\/uploads\/2024\/03\/plot-2-1024x576.jpg 1024w, https:\/\/k-invest.hr\/givohiv\/uploads\/2024\/03\/plot-2-300x169.jpg 300w, https:\/\/k-invest.hr\/givohiv\/uploads\/2024\/03\/plot-2-768x432.jpg 768w, https:\/\/k-invest.hr\/givohiv\/uploads\/2024\/03\/plot-2-1536x864.jpg 1536w, https:\/\/k-invest.hr\/givohiv\/uploads\/2024\/03\/plot-2-2048x1152.jpg 2048w\" sizes=\"(max-width: 1024px) 100vw, 1024px\" \/>\t\t\t\t\t\t\t\t<\/a>\n\t\t\t\t\t\t\t\t\t\t\t\t\t\t\t<\/div>\n\t\t\t\t<\/div>\n\t\t\t\t\t<\/div>\n\t\t<\/div>\n\t\t\t\t<div class=\"elementor-column elementor-col-50 elementor-top-column elementor-element elementor-element-a1accd4\" data-id=\"a1accd4\" data-element_type=\"column\" data-e-type=\"column\">\n\t\t\t<div class=\"elementor-widget-wrap elementor-element-populated\">\n\t\t\t\t\t\t<div class=\"elementor-element elementor-element-5783821 elementor-widget elementor-widget-image\" data-id=\"5783821\" data-element_type=\"widget\" data-e-type=\"widget\" data-widget_type=\"image.default\">\n\t\t\t\t<div class=\"elementor-widget-container\">\n\t\t\t\t\t\t\t\t\t\t\t\t\t\t\t\t<a href=\"https:\/\/k-invest.hr\/givohiv\/uploads\/2024\/03\/plot3-scaled.jpg\" data-elementor-open-lightbox=\"yes\" data-elementor-lightbox-title=\"default\" data-e-action-hash=\"#elementor-action%3Aaction%3Dlightbox%26settings%3DeyJpZCI6OTI0MCwidXJsIjoiaHR0cHM6XC9cL2staW52ZXN0LmhyXC93cC1jb250ZW50XC91cGxvYWRzXC8yMDI0XC8wM1wvcGxvdDMtc2NhbGVkLmpwZyJ9\">\n\t\t\t\t\t\t\t<img decoding=\"async\" width=\"1024\" height=\"576\" src=\"https:\/\/k-invest.hr\/givohiv\/uploads\/2024\/03\/plot3-1024x576.jpg\" class=\"attachment-large size-large wp-image-9240\" alt=\"\" srcset=\"https:\/\/k-invest.hr\/givohiv\/uploads\/2024\/03\/plot3-1024x576.jpg 1024w, https:\/\/k-invest.hr\/givohiv\/uploads\/2024\/03\/plot3-300x169.jpg 300w, https:\/\/k-invest.hr\/givohiv\/uploads\/2024\/03\/plot3-768x432.jpg 768w, https:\/\/k-invest.hr\/givohiv\/uploads\/2024\/03\/plot3-1536x864.jpg 1536w, https:\/\/k-invest.hr\/givohiv\/uploads\/2024\/03\/plot3-2048x1152.jpg 2048w\" sizes=\"(max-width: 1024px) 100vw, 1024px\" \/>\t\t\t\t\t\t\t\t<\/a>\n\t\t\t\t\t\t\t\t\t\t\t\t\t\t\t<\/div>\n\t\t\t\t<\/div>\n\t\t\t\t\t<\/div>\n\t\t<\/div>\n\t\t\t\t\t<\/div>\n\t\t<\/section>\n\t\t\t\t<section class=\"elementor-section elementor-top-section elementor-element elementor-element-9d41787 elementor-section-boxed elementor-section-height-default elementor-section-height-default qodef-elementor-content-no\" data-id=\"9d41787\" data-element_type=\"section\" data-e-type=\"section\">\n\t\t\t\t\t\t<div class=\"elementor-container elementor-column-gap-default\">\n\t\t\t\t\t<div class=\"elementor-column elementor-col-100 elementor-top-column elementor-element elementor-element-c501474\" data-id=\"c501474\" data-element_type=\"column\" data-e-type=\"column\">\n\t\t\t<div class=\"elementor-widget-wrap elementor-element-populated\">\n\t\t\t\t\t\t<div class=\"elementor-element elementor-element-6698d87 elementor-widget elementor-widget-text-editor\" data-id=\"6698d87\" data-element_type=\"widget\" data-e-type=\"widget\" data-widget_type=\"text-editor.default\">\n\t\t\t\t<div class=\"elementor-widget-container\">\n\t\t\t\t\t\t\t\t\t<p>Das Gebiet der Stadt Buje liegt im nordwestlichen Teil der Halbinsel Istrien und der Republik Kroatien. Auf einer Fl\u00e4che von 103,40 km2 leben etwa 5.300 Einwohner. Die Stadt Buje liegt zwischen den Fl\u00fcssen Mirna und Dragonja. Im Norden liegen die H\u00fcgel von Gornja Buj\u0161tina und im S\u00fcden die Adria in Kanegra und die Bucht von Piran, also die Savudrijska Vala.<\/p><p>Die Stadt Buje bildet zusammen mit Umag, Novigrad, Oprtlje, Brtonigla und Gro\u017enjan und zahlreichen anderen Orten und Siedlungen Buj\u0161tina.<\/p><p>Die Landschaft ist vielf\u00e4ltig und reichhaltig. Geologen nennen den breiten G\u00fcrtel im Norden Buja-Karst oder Sattelebene (Antiklinalebene) von Buja. Hier gibt es h\u00e4ufig Vertiefungen oder T\u00e4ler, die mit roter Erde bedeckt sind, stellenweise vermischt mit lehmigen Ablagerungen.<\/p><p>Zum Mirnatal hin f\u00e4llt das Gel\u00e4nde sanft zur Ebene ab, die zum Meer hin abf\u00e4llt.<br \/>Die Landschaft ist hier durch mit Weinreben und Olivenb\u00e4umen bepflanzte Stufenterrassen bereichert.<br \/>Die N\u00e4he des Meeres und der kontinentalen Landschaft, die Vielfalt des mediterranen und milden kontinentalen Klimas, die Tradition in landwirtschaftlicher Produktion, Handwerk, Industrie, Jagd und Tourismus, T\u00e4ler und H\u00fcgel, unber\u00fchrte Natur, die Abwesenheit von Umweltschadstoffen, die N\u00e4he zu Pula, Rijeka, Koper und Triest machen das Gebiet der Stadt Buja zu einem attraktiven Gebiet der istrischen Halbinsel.<\/p>\t\t\t\t\t\t\t\t<\/div>\n\t\t\t\t<\/div>\n\t\t\t\t\t<\/div>\n\t\t<\/div>\n\t\t\t\t\t<\/div>\n\t\t<\/section>\n\t\t\t\t<section class=\"elementor-section elementor-top-section elementor-element elementor-element-336c6d6 elementor-section-boxed elementor-section-height-default elementor-section-height-default qodef-elementor-content-no\" data-id=\"336c6d6\" data-element_type=\"section\" data-e-type=\"section\">\n\t\t\t\t\t\t<div class=\"elementor-container elementor-column-gap-default\">\n\t\t\t\t\t<div class=\"elementor-column elementor-col-50 elementor-top-column elementor-element elementor-element-bf7bc4d\" data-id=\"bf7bc4d\" data-element_type=\"column\" data-e-type=\"column\">\n\t\t\t<div class=\"elementor-widget-wrap elementor-element-populated\">\n\t\t\t\t\t\t<div class=\"elementor-element elementor-element-c39c049 elementor-widget elementor-widget-image\" data-id=\"c39c049\" data-element_type=\"widget\" data-e-type=\"widget\" data-widget_type=\"image.default\">\n\t\t\t\t<div class=\"elementor-widget-container\">\n\t\t\t\t\t\t\t\t\t\t\t\t\t\t\t\t<a href=\"https:\/\/k-invest.hr\/givohiv\/uploads\/2024\/03\/plot-4-scaled.jpg\" data-elementor-open-lightbox=\"yes\" data-elementor-lightbox-title=\"default\" data-e-action-hash=\"#elementor-action%3Aaction%3Dlightbox%26settings%3DeyJpZCI6OTI0NSwidXJsIjoiaHR0cHM6XC9cL2staW52ZXN0LmhyXC93cC1jb250ZW50XC91cGxvYWRzXC8yMDI0XC8wM1wvcGxvdC00LXNjYWxlZC5qcGcifQ%3D%3D\">\n\t\t\t\t\t\t\t<img loading=\"lazy\" decoding=\"async\" width=\"1024\" height=\"576\" src=\"https:\/\/k-invest.hr\/givohiv\/uploads\/2024\/03\/plot-4-1024x576.jpg\" class=\"attachment-large size-large wp-image-9245\" alt=\"\" srcset=\"https:\/\/k-invest.hr\/givohiv\/uploads\/2024\/03\/plot-4-1024x576.jpg 1024w, https:\/\/k-invest.hr\/givohiv\/uploads\/2024\/03\/plot-4-300x169.jpg 300w, https:\/\/k-invest.hr\/givohiv\/uploads\/2024\/03\/plot-4-768x432.jpg 768w, https:\/\/k-invest.hr\/givohiv\/uploads\/2024\/03\/plot-4-1536x864.jpg 1536w, https:\/\/k-invest.hr\/givohiv\/uploads\/2024\/03\/plot-4-2048x1152.jpg 2048w\" sizes=\"(max-width: 1024px) 100vw, 1024px\" \/>\t\t\t\t\t\t\t\t<\/a>\n\t\t\t\t\t\t\t\t\t\t\t\t\t\t\t<\/div>\n\t\t\t\t<\/div>\n\t\t\t\t\t<\/div>\n\t\t<\/div>\n\t\t\t\t<div class=\"elementor-column elementor-col-50 elementor-top-column elementor-element elementor-element-7066061\" data-id=\"7066061\" data-element_type=\"column\" data-e-type=\"column\">\n\t\t\t<div class=\"elementor-widget-wrap elementor-element-populated\">\n\t\t\t\t\t\t<div class=\"elementor-element elementor-element-0e84517 elementor-widget elementor-widget-image\" data-id=\"0e84517\" data-element_type=\"widget\" data-e-type=\"widget\" data-widget_type=\"image.default\">\n\t\t\t\t<div class=\"elementor-widget-container\">\n\t\t\t\t\t\t\t\t\t\t\t\t\t\t\t\t<a href=\"https:\/\/k-invest.hr\/givohiv\/uploads\/2024\/03\/polot-5-scaled.jpg\" data-elementor-open-lightbox=\"yes\" data-elementor-lightbox-title=\"default\" data-e-action-hash=\"#elementor-action%3Aaction%3Dlightbox%26settings%3DeyJpZCI6OTI0OSwidXJsIjoiaHR0cHM6XC9cL2staW52ZXN0LmhyXC93cC1jb250ZW50XC91cGxvYWRzXC8yMDI0XC8wM1wvcG9sb3QtNS1zY2FsZWQuanBnIn0%3D\">\n\t\t\t\t\t\t\t<img loading=\"lazy\" decoding=\"async\" width=\"1024\" height=\"576\" src=\"https:\/\/k-invest.hr\/givohiv\/uploads\/2024\/03\/polot-5-1024x576.jpg\" class=\"attachment-large size-large wp-image-9249\" alt=\"\" srcset=\"https:\/\/k-invest.hr\/givohiv\/uploads\/2024\/03\/polot-5-1024x576.jpg 1024w, https:\/\/k-invest.hr\/givohiv\/uploads\/2024\/03\/polot-5-300x169.jpg 300w, https:\/\/k-invest.hr\/givohiv\/uploads\/2024\/03\/polot-5-768x432.jpg 768w, https:\/\/k-invest.hr\/givohiv\/uploads\/2024\/03\/polot-5-1536x864.jpg 1536w, https:\/\/k-invest.hr\/givohiv\/uploads\/2024\/03\/polot-5-2048x1152.jpg 2048w\" sizes=\"(max-width: 1024px) 100vw, 1024px\" \/>\t\t\t\t\t\t\t\t<\/a>\n\t\t\t\t\t\t\t\t\t\t\t\t\t\t\t<\/div>\n\t\t\t\t<\/div>\n\t\t\t\t\t<\/div>\n\t\t<\/div>\n\t\t\t\t\t<\/div>\n\t\t<\/section>\n\t\t\t\t<section class=\"elementor-section elementor-top-section elementor-element elementor-element-f18979c elementor-section-boxed elementor-section-height-default elementor-section-height-default qodef-elementor-content-no\" data-id=\"f18979c\" data-element_type=\"section\" data-e-type=\"section\">\n\t\t\t\t\t\t<div class=\"elementor-container elementor-column-gap-default\">\n\t\t\t\t\t<div class=\"elementor-column elementor-col-100 elementor-top-column elementor-element elementor-element-1f6111b\" data-id=\"1f6111b\" data-element_type=\"column\" data-e-type=\"column\">\n\t\t\t<div class=\"elementor-widget-wrap elementor-element-populated\">\n\t\t\t\t\t\t<div class=\"elementor-element elementor-element-c5ae485 elementor-widget elementor-widget-heading\" data-id=\"c5ae485\" data-element_type=\"widget\" data-e-type=\"widget\" data-widget_type=\"heading.default\">\n\t\t\t\t<div class=\"elementor-widget-container\">\n\t\t\t\t\t<h4 class=\"elementor-heading-title elementor-size-default\">Unterlagen<\/h4>\t\t\t\t<\/div>\n\t\t\t\t<\/div>\n\t\t\t\t\t<\/div>\n\t\t<\/div>\n\t\t\t\t\t<\/div>\n\t\t<\/section>\n\t\t\t\t<section class=\"elementor-section elementor-top-section elementor-element elementor-element-c34cd0c elementor-section-boxed elementor-section-height-default elementor-section-height-default qodef-elementor-content-no\" data-id=\"c34cd0c\" data-element_type=\"section\" data-e-type=\"section\">\n\t\t\t\t\t\t<div class=\"elementor-container elementor-column-gap-default\">\n\t\t\t\t\t<div class=\"elementor-column elementor-col-100 elementor-top-column elementor-element elementor-element-a701400\" data-id=\"a701400\" data-element_type=\"column\" data-e-type=\"column\">\n\t\t\t<div class=\"elementor-widget-wrap elementor-element-populated\">\n\t\t\t\t\t\t<div class=\"elementor-element elementor-element-c848335 elementor-widget elementor-widget-spacer\" data-id=\"c848335\" data-element_type=\"widget\" data-e-type=\"widget\" data-widget_type=\"spacer.default\">\n\t\t\t\t<div class=\"elementor-widget-container\">\n\t\t\t\t\t\t\t<div class=\"elementor-spacer\">\n\t\t\t<div class=\"elementor-spacer-inner\"><\/div>\n\t\t<\/div>\n\t\t\t\t\t\t<\/div>\n\t\t\t\t<\/div>\n\t\t\t\t\t<\/div>\n\t\t<\/div>\n\t\t\t\t\t<\/div>\n\t\t<\/section>\n\t\t\t\t<section class=\"elementor-section elementor-top-section elementor-element elementor-element-e32dee1 elementor-section-boxed elementor-section-height-default elementor-section-height-default qodef-elementor-content-no\" data-id=\"e32dee1\" data-element_type=\"section\" data-e-type=\"section\">\n\t\t\t\t\t\t<div class=\"elementor-container elementor-column-gap-default\">\n\t\t\t\t\t<div class=\"elementor-column elementor-col-33 elementor-top-column elementor-element elementor-element-15d9d3a\" data-id=\"15d9d3a\" data-element_type=\"column\" data-e-type=\"column\">\n\t\t\t<div class=\"elementor-widget-wrap elementor-element-populated\">\n\t\t\t\t\t\t<div class=\"elementor-element elementor-element-9ce3b8d elementor-button-info elementor-align-center elementor-widget elementor-widget-button\" data-id=\"9ce3b8d\" data-element_type=\"widget\" data-e-type=\"widget\" data-widget_type=\"button.default\">\n\t\t\t\t<div class=\"elementor-widget-container\">\n\t\t\t\t\t\t\t\t\t<div class=\"elementor-button-wrapper\">\n\t\t\t\t\t<a class=\"elementor-button elementor-button-link elementor-size-md\" href=\"https:\/\/k-invest.hr\/givohiv\/uploads\/2024\/03\/ZK-7234-BUJE.pdf\" target=\"_blank\">\n\t\t\t\t\t\t<span class=\"elementor-button-content-wrapper\">\n\t\t\t\t\t\t\t\t\t<span class=\"elementor-button-text\">Grundbuchauszug<\/span>\n\t\t\t\t\t<\/span>\n\t\t\t\t\t<\/a>\n\t\t\t\t<\/div>\n\t\t\t\t\t\t\t\t<\/div>\n\t\t\t\t<\/div>\n\t\t\t\t\t<\/div>\n\t\t<\/div>\n\t\t\t\t<div class=\"elementor-column elementor-col-33 elementor-top-column elementor-element elementor-element-d57736b\" data-id=\"d57736b\" data-element_type=\"column\" data-e-type=\"column\">\n\t\t\t<div class=\"elementor-widget-wrap elementor-element-populated\">\n\t\t\t\t\t\t<div class=\"elementor-element elementor-element-ae348fc elementor-button-info elementor-align-center elementor-widget elementor-widget-button\" data-id=\"ae348fc\" data-element_type=\"widget\" data-e-type=\"widget\" data-widget_type=\"button.default\">\n\t\t\t\t<div class=\"elementor-widget-container\">\n\t\t\t\t\t\t\t\t\t<div class=\"elementor-button-wrapper\">\n\t\t\t\t\t<a class=\"elementor-button elementor-button-link elementor-size-md\" href=\"https:\/\/k-invest.hr\/givohiv\/uploads\/2024\/03\/Katastarski-plan.pdf\">\n\t\t\t\t\t\t<span class=\"elementor-button-content-wrapper\">\n\t\t\t\t\t\t\t\t\t<span class=\"elementor-button-text\">Katasterentwurf<\/span>\n\t\t\t\t\t<\/span>\n\t\t\t\t\t<\/a>\n\t\t\t\t<\/div>\n\t\t\t\t\t\t\t\t<\/div>\n\t\t\t\t<\/div>\n\t\t\t\t\t<\/div>\n\t\t<\/div>\n\t\t\t\t<div class=\"elementor-column elementor-col-33 elementor-top-column elementor-element elementor-element-5fd5d64\" data-id=\"5fd5d64\" data-element_type=\"column\" data-e-type=\"column\">\n\t\t\t<div class=\"elementor-widget-wrap elementor-element-populated\">\n\t\t\t\t\t\t<div class=\"elementor-element elementor-element-f0f0740 elementor-button-info elementor-align-center elementor-widget elementor-widget-button\" data-id=\"f0f0740\" data-element_type=\"widget\" data-e-type=\"widget\" data-widget_type=\"button.default\">\n\t\t\t\t<div class=\"elementor-widget-container\">\n\t\t\t\t\t\t\t\t\t<div class=\"elementor-button-wrapper\">\n\t\t\t\t\t<a class=\"elementor-button elementor-button-link elementor-size-md\" href=\"https:\/\/k-invest.hr\/givohiv\/uploads\/2024\/03\/Lokacijska-dozvola.pdf\">\n\t\t\t\t\t\t<span class=\"elementor-button-content-wrapper\">\n\t\t\t\t\t\t\t\t\t<span class=\"elementor-button-text\">Standortgenehmigung<\/span>\n\t\t\t\t\t<\/span>\n\t\t\t\t\t<\/a>\n\t\t\t\t<\/div>\n\t\t\t\t\t\t\t\t<\/div>\n\t\t\t\t<\/div>\n\t\t\t\t\t<\/div>\n\t\t<\/div>\n\t\t\t\t\t<\/div>\n\t\t<\/section>\n\t\t\t\t<section class=\"elementor-section elementor-top-section elementor-element elementor-element-5538872 elementor-section-boxed elementor-section-height-default elementor-section-height-default qodef-elementor-content-no\" data-id=\"5538872\" data-element_type=\"section\" data-e-type=\"section\">\n\t\t\t\t\t\t<div class=\"elementor-container elementor-column-gap-default\">\n\t\t\t\t\t<div class=\"elementor-column elementor-col-100 elementor-top-column elementor-element elementor-element-6685644\" data-id=\"6685644\" data-element_type=\"column\" data-e-type=\"column\">\n\t\t\t<div class=\"elementor-widget-wrap elementor-element-populated\">\n\t\t\t\t\t\t<div class=\"elementor-element elementor-element-f3296da elementor-widget elementor-widget-spacer\" data-id=\"f3296da\" data-element_type=\"widget\" data-e-type=\"widget\" data-widget_type=\"spacer.default\">\n\t\t\t\t<div class=\"elementor-widget-container\">\n\t\t\t\t\t\t\t<div class=\"elementor-spacer\">\n\t\t\t<div class=\"elementor-spacer-inner\"><\/div>\n\t\t<\/div>\n\t\t\t\t\t\t<\/div>\n\t\t\t\t<\/div>\n\t\t\t\t\t<\/div>\n\t\t<\/div>\n\t\t\t\t\t<\/div>\n\t\t<\/section>\n\t\t\t\t<section class=\"elementor-section elementor-top-section elementor-element elementor-element-af55f22 elementor-section-boxed elementor-section-height-default elementor-section-height-default qodef-elementor-content-no\" data-id=\"af55f22\" data-element_type=\"section\" data-e-type=\"section\">\n\t\t\t\t\t\t<div class=\"elementor-container elementor-column-gap-default\">\n\t\t\t\t\t<div class=\"elementor-column elementor-col-100 elementor-top-column elementor-element elementor-element-36d680c\" data-id=\"36d680c\" data-element_type=\"column\" data-e-type=\"column\">\n\t\t\t<div class=\"elementor-widget-wrap elementor-element-populated\">\n\t\t\t\t\t\t<div class=\"elementor-element elementor-element-ab23cdc elementor-widget elementor-widget-heading\" data-id=\"ab23cdc\" data-element_type=\"widget\" data-e-type=\"widget\" data-widget_type=\"heading.default\">\n\t\t\t\t<div class=\"elementor-widget-container\">\n\t\t\t\t\t<h3 class=\"elementor-heading-title elementor-size-default\">SPAREN SIE BIS ZU 3,751 TP3T PROVISION DURCH DEN DIREKTKAUF VON INVESTOREN.<\/h3>\t\t\t\t<\/div>\n\t\t\t\t<\/div>\n\t\t\t\t\t<\/div>\n\t\t<\/div>\n\t\t\t\t\t<\/div>\n\t\t<\/section>\n\t\t\t\t<\/div>","protected":false},"excerpt":{"rendered":"<p>LAND PLOTS -k.\u010d.193\/2 = 1032m2 =268.000EUR -k.\u010d.193\/7 = 1036m2 =227.000EUR -k.\u010d.193\/8 = 1036m2 = 227.000EUR Excellent location, wide view of the sea. Peaceful environment. The infrastructure is located on the plot. The plot is located on a gentle slope and has a regular square shape. 1 km from the center of Buja. Possible construction of [&hellip;]<\/p>\n","protected":false},"author":2,"featured_media":0,"parent":0,"menu_order":0,"comment_status":"closed","ping_status":"closed","template":"","meta":{"footnotes":""},"class_list":["post-9218","page","type-page","status-publish","hentry"],"aioseo_notices":[],"_links":{"self":[{"href":"https:\/\/k-invest.hr\/de\/wp-json\/wp\/v2\/pages\/9218","targetHints":{"allow":["GET"]}}],"collection":[{"href":"https:\/\/k-invest.hr\/de\/wp-json\/wp\/v2\/pages"}],"about":[{"href":"https:\/\/k-invest.hr\/de\/wp-json\/wp\/v2\/types\/page"}],"author":[{"embeddable":true,"href":"https:\/\/k-invest.hr\/de\/wp-json\/wp\/v2\/users\/2"}],"replies":[{"embeddable":true,"href":"https:\/\/k-invest.hr\/de\/wp-json\/wp\/v2\/comments?post=9218"}],"version-history":[{"count":40,"href":"https:\/\/k-invest.hr\/de\/wp-json\/wp\/v2\/pages\/9218\/revisions"}],"predecessor-version":[{"id":13080,"href":"https:\/\/k-invest.hr\/de\/wp-json\/wp\/v2\/pages\/9218\/revisions\/13080"}],"wp:attachment":[{"href":"https:\/\/k-invest.hr\/de\/wp-json\/wp\/v2\/media?parent=9218"}],"curies":[{"name":"wp","href":"https:\/\/api.w.org\/{rel}","templated":true}]}}