{"id":6998,"date":"2022-04-25T10:10:52","date_gmt":"2022-04-25T10:10:52","guid":{"rendered":"https:\/\/k-invest.hr\/?page_id=6998"},"modified":"2022-05-08T07:33:27","modified_gmt":"2022-05-08T07:33:27","slug":"retail-area","status":"publish","type":"page","link":"https:\/\/k-invest.hr\/de\/einzelhandelsgebiet\/","title":{"rendered":"EINZELHANDELSGEBIET"},"content":{"rendered":"<div data-elementor-type=\"wp-page\" data-elementor-id=\"6998\" class=\"elementor elementor-6998\">\n\t\t\t\t\t\t<section class=\"elementor-section elementor-top-section elementor-element elementor-element-effddac elementor-section-boxed elementor-section-height-default elementor-section-height-default qodef-elementor-content-no\" data-id=\"effddac\" data-element_type=\"section\" data-e-type=\"section\">\n\t\t\t\t\t\t<div class=\"elementor-container elementor-column-gap-default\">\n\t\t\t\t\t<div class=\"elementor-column elementor-col-100 elementor-top-column elementor-element elementor-element-95fa0bc\" data-id=\"95fa0bc\" data-element_type=\"column\" data-e-type=\"column\">\n\t\t\t<div class=\"elementor-widget-wrap elementor-element-populated\">\n\t\t\t\t\t\t<div class=\"elementor-element elementor-element-fc33a59 elementor-widget elementor-widget-text-editor\" data-id=\"fc33a59\" data-element_type=\"widget\" data-e-type=\"widget\" data-widget_type=\"text-editor.default\">\n\t\t\t\t<div class=\"elementor-widget-container\">\n\t\t\t\t\t\t\t\t\t<p>Sie haben die M\u00f6glichkeit, Einzelhandels- und Gesch\u00e4ftsr\u00e4ume f\u00fcr beliebige Arbeitszwecke in bester Lage in Novigrad zu mieten.<\/p>\t\t\t\t\t\t\t\t<\/div>\n\t\t\t\t<\/div>\n\t\t\t\t\t<\/div>\n\t\t<\/div>\n\t\t\t\t\t<\/div>\n\t\t<\/section>\n\t\t\t\t<section class=\"elementor-section elementor-top-section elementor-element elementor-element-158cdd6 elementor-section-stretched elementor-section-boxed elementor-section-height-default elementor-section-height-default qodef-elementor-content-no\" data-id=\"158cdd6\" data-element_type=\"section\" data-e-type=\"section\" data-settings=\"{&quot;stretch_section&quot;:&quot;section-stretched&quot;}\">\n\t\t\t\t\t\t<div class=\"elementor-container elementor-column-gap-default\">\n\t\t\t\t\t<div class=\"elementor-column elementor-col-50 elementor-top-column elementor-element elementor-element-be7a0ce\" data-id=\"be7a0ce\" data-element_type=\"column\" data-e-type=\"column\">\n\t\t\t<div class=\"elementor-widget-wrap elementor-element-populated\">\n\t\t\t\t\t\t<div class=\"elementor-element elementor-element-c35ae93 elementor-widget elementor-widget-heading\" data-id=\"c35ae93\" data-element_type=\"widget\" data-e-type=\"widget\" data-widget_type=\"heading.default\">\n\t\t\t\t<div class=\"elementor-widget-container\">\n\t\t\t\t\t<h4 class=\"elementor-heading-title elementor-size-default\">Standort 1<\/h4>\t\t\t\t<\/div>\n\t\t\t\t<\/div>\n\t\t\t\t<div class=\"elementor-element elementor-element-a41a628 elementor-widget elementor-widget-text-editor\" data-id=\"a41a628\" data-element_type=\"widget\" data-e-type=\"widget\" data-widget_type=\"text-editor.default\">\n\t\t\t\t<div class=\"elementor-widget-container\">\n\t\t\t\t\t\t\t\t\t<p>Im Zentrum des Novigrader Einzelhandelsviertels. Mietfl\u00e4che bis zu 600 m2. \u00d6ffentliche und private Parkpl\u00e4tze f\u00fcr Besucher. \u00d6ffentlicher Parkplatz vor dem Geb\u00e4ude. Fu\u00dfbodenheizung mit W\u00e4rmepumpe, K\u00fchlung durch Multi-Split-System. Hochwertige Alu-Fenster. Energiezertifikat A\/A+. Lagerraum im Keller verf\u00fcgbar.<\/p><p><strong>\u00a0<\/strong><\/p>\t\t\t\t\t\t\t\t<\/div>\n\t\t\t\t<\/div>\n\t\t\t\t\t<\/div>\n\t\t<\/div>\n\t\t\t\t<div class=\"elementor-column elementor-col-50 elementor-top-column elementor-element elementor-element-370442e\" data-id=\"370442e\" data-element_type=\"column\" data-e-type=\"column\">\n\t\t\t<div class=\"elementor-widget-wrap elementor-element-populated\">\n\t\t\t\t\t\t<div class=\"elementor-element elementor-element-59f7e5e elementor-widget elementor-widget-heading\" data-id=\"59f7e5e\" data-element_type=\"widget\" data-e-type=\"widget\" data-widget_type=\"heading.default\">\n\t\t\t\t<div class=\"elementor-widget-container\">\n\t\t\t\t\t<h4 class=\"elementor-heading-title elementor-size-default\">Standort 2<\/h4>\t\t\t\t<\/div>\n\t\t\t\t<\/div>\n\t\t\t\t<div class=\"elementor-element elementor-element-7d51a26 elementor-widget elementor-widget-text-editor\" data-id=\"7d51a26\" data-element_type=\"widget\" data-e-type=\"widget\" data-widget_type=\"text-editor.default\">\n\t\t\t\t<div class=\"elementor-widget-container\">\n\t\t\t\t\t\t\t\t\tIm Herzen von Novigrad. Mietfl\u00e4che bis zu 1100 m2. \u00d6ffentlicher und privater Parkplatz f\u00fcr Besucher. \u00d6ffentlicher Parkplatz vor dem Geb\u00e4ude. Fu\u00dfbodenheizung mit W\u00e4rmepumpe, K\u00fchlung durch Multi-Split-System. Hochwertige Alu-Fenster. Energiezertifikat A\/A+. Lagerraum im Keller verf\u00fcgbar.\t\t\t\t\t\t\t\t<\/div>\n\t\t\t\t<\/div>\n\t\t\t\t\t<\/div>\n\t\t<\/div>\n\t\t\t\t\t<\/div>\n\t\t<\/section>\n\t\t\t\t<section class=\"elementor-section elementor-top-section elementor-element elementor-element-cdc5805 elementor-section-full_width elementor-section-stretched elementor-section-height-default elementor-section-height-default qodef-elementor-content-no\" data-id=\"cdc5805\" data-element_type=\"section\" data-e-type=\"section\" data-settings=\"{&quot;stretch_section&quot;:&quot;section-stretched&quot;}\">\n\t\t\t\t\t\t<div class=\"elementor-container elementor-column-gap-default\">\n\t\t\t\t\t<div class=\"elementor-column elementor-col-100 elementor-top-column elementor-element elementor-element-1bf64a4\" data-id=\"1bf64a4\" data-element_type=\"column\" data-e-type=\"column\">\n\t\t\t<div class=\"elementor-widget-wrap elementor-element-populated\">\n\t\t\t\t\t\t<div class=\"elementor-element elementor-element-c65d0db elementor-widget elementor-widget-image\" data-id=\"c65d0db\" data-element_type=\"widget\" data-e-type=\"widget\" data-widget_type=\"image.default\">\n\t\t\t\t<div class=\"elementor-widget-container\">\n\t\t\t\t\t\t\t\t\t\t\t\t\t\t\t\t<a href=\"https:\/\/k-invest.hr\/givohiv\/uploads\/2022\/05\/retail1.jpg\" data-elementor-open-lightbox=\"yes\" data-elementor-lightbox-title=\"retail1\" data-e-action-hash=\"#elementor-action%3Aaction%3Dlightbox%26settings%3DeyJpZCI6NzUxNSwidXJsIjoiaHR0cHM6XC9cL2staW52ZXN0LmhyXC93cC1jb250ZW50XC91cGxvYWRzXC8yMDIyXC8wNVwvcmV0YWlsMS5qcGcifQ%3D%3D\">\n\t\t\t\t\t\t\t<img fetchpriority=\"high\" decoding=\"async\" width=\"1446\" height=\"882\" src=\"https:\/\/k-invest.hr\/givohiv\/uploads\/2022\/05\/retail1.jpg\" class=\"attachment-full size-full wp-image-7515\" alt=\"\" srcset=\"https:\/\/k-invest.hr\/givohiv\/uploads\/2022\/05\/retail1.jpg 1446w, https:\/\/k-invest.hr\/givohiv\/uploads\/2022\/05\/retail1-300x183.jpg 300w, https:\/\/k-invest.hr\/givohiv\/uploads\/2022\/05\/retail1-1024x625.jpg 1024w, https:\/\/k-invest.hr\/givohiv\/uploads\/2022\/05\/retail1-768x468.jpg 768w\" sizes=\"(max-width: 1446px) 100vw, 1446px\" \/>\t\t\t\t\t\t\t\t<\/a>\n\t\t\t\t\t\t\t\t\t\t\t\t\t\t\t<\/div>\n\t\t\t\t<\/div>\n\t\t\t\t\t<\/div>\n\t\t<\/div>\n\t\t\t\t\t<\/div>\n\t\t<\/section>\n\t\t\t\t<\/div>","protected":false},"excerpt":{"rendered":"<p>You have the opportunity to rent retail and business area for any work purpose on the best location in Novigrad. location 1 In the centar of Novigrad retail area. Rent area up to 600m2. Public and private parking area for visitors. Public parking plot in front the building. Floor heating with heating pump, cooling by [&hellip;]<\/p>\n","protected":false},"author":1,"featured_media":0,"parent":0,"menu_order":0,"comment_status":"closed","ping_status":"closed","template":"","meta":{"footnotes":""},"class_list":["post-6998","page","type-page","status-publish","hentry"],"aioseo_notices":[],"_links":{"self":[{"href":"https:\/\/k-invest.hr\/de\/wp-json\/wp\/v2\/pages\/6998","targetHints":{"allow":["GET"]}}],"collection":[{"href":"https:\/\/k-invest.hr\/de\/wp-json\/wp\/v2\/pages"}],"about":[{"href":"https:\/\/k-invest.hr\/de\/wp-json\/wp\/v2\/types\/page"}],"author":[{"embeddable":true,"href":"https:\/\/k-invest.hr\/de\/wp-json\/wp\/v2\/users\/1"}],"replies":[{"embeddable":true,"href":"https:\/\/k-invest.hr\/de\/wp-json\/wp\/v2\/comments?post=6998"}],"version-history":[{"count":37,"href":"https:\/\/k-invest.hr\/de\/wp-json\/wp\/v2\/pages\/6998\/revisions"}],"predecessor-version":[{"id":7937,"href":"https:\/\/k-invest.hr\/de\/wp-json\/wp\/v2\/pages\/6998\/revisions\/7937"}],"wp:attachment":[{"href":"https:\/\/k-invest.hr\/de\/wp-json\/wp\/v2\/media?parent=6998"}],"curies":[{"name":"wp","href":"https:\/\/api.w.org\/{rel}","templated":true}]}}