{"id":1299,"date":"2020-05-13T09:52:01","date_gmt":"2020-05-13T09:52:01","guid":{"rendered":"https:\/\/hendon.qodeinteractive.com\/?page_id=1299"},"modified":"2025-09-12T08:15:09","modified_gmt":"2025-09-12T08:15:09","slug":"faq","status":"publish","type":"page","link":"https:\/\/k-invest.hr\/de\/faq\/","title":{"rendered":"FAQ"},"content":{"rendered":"<div data-elementor-type=\"wp-page\" data-elementor-id=\"1299\" class=\"elementor elementor-1299\" data-elementor-post-type=\"page\">\n\t\t\t\t\t\t<section class=\"elementor-section elementor-top-section elementor-element elementor-element-238833d elementor-section-full_width elementor-section-height-default elementor-section-height-default qodef-elementor-content-no\" data-id=\"238833d\" data-element_type=\"section\" data-e-type=\"section\">\n\t\t\t\t\t\t<div class=\"elementor-container elementor-column-gap-no\">\n\t\t\t\t\t<div class=\"elementor-column elementor-col-100 elementor-top-column elementor-element elementor-element-683e1cc\" data-id=\"683e1cc\" data-element_type=\"column\" data-e-type=\"column\">\n\t\t\t<div class=\"elementor-widget-wrap elementor-element-populated\">\n\t\t\t\t\t\t<div class=\"elementor-element elementor-element-a37927d elementor-widget elementor-widget-heading\" data-id=\"a37927d\" data-element_type=\"widget\" data-e-type=\"widget\" data-widget_type=\"heading.default\">\n\t\t\t\t<div class=\"elementor-widget-container\">\n\t\t\t\t\t<h4 class=\"elementor-heading-title elementor-size-default\">1. How to reach as?<\/h4>\t\t\t\t<\/div>\n\t\t\t\t<\/div>\n\t\t\t\t<div class=\"elementor-element elementor-element-545e797 elementor-widget elementor-widget-text-editor\" data-id=\"545e797\" data-element_type=\"widget\" data-e-type=\"widget\" data-widget_type=\"text-editor.default\">\n\t\t\t\t<div class=\"elementor-widget-container\">\n\t\t\t\t\t\t\t\t\t<p><span class=\"naziv\">K. INVEST doo<\/span><\/p><p>Slavonska ulica 33, Novigrad, Istra<\/p><p>https:\/\/maps.app.goo.gl\/uAkWoz1L7kbBpzCXA<\/p><p>Kroatien<\/p><p class=\"qodef-e-title\">M: <a href=\"mailto:info@k-invest.hr\" target=\"_self\" rel=\"noopener\"><span class=\"qodef-e-title-inner\"><span class=\"qodef-e-title-text\">info@k-invest.hr<\/span><\/span><\/a><\/p><p class=\"qodef-e-title\">T: <a href=\"tel:%20+38598255777\" target=\"_self\" rel=\"noopener\"><span class=\"qodef-e-title-inner\"><span class=\"qodef-e-title-text\">+385 98 255 777<\/span> <\/span> <\/a><\/p>\t\t\t\t\t\t\t\t<\/div>\n\t\t\t\t<\/div>\n\t\t\t\t\t<\/div>\n\t\t<\/div>\n\t\t\t\t\t<\/div>\n\t\t<\/section>\n\t\t\t\t<section class=\"elementor-section elementor-top-section elementor-element elementor-element-76e8856 elementor-section-full_width elementor-section-height-default elementor-section-height-default qodef-elementor-content-no\" data-id=\"76e8856\" data-element_type=\"section\" data-e-type=\"section\">\n\t\t\t\t\t\t<div class=\"elementor-container elementor-column-gap-no\">\n\t\t\t\t\t<div class=\"elementor-column elementor-col-100 elementor-top-column elementor-element elementor-element-07ba46a\" data-id=\"07ba46a\" data-element_type=\"column\" data-e-type=\"column\">\n\t\t\t<div class=\"elementor-widget-wrap elementor-element-populated\">\n\t\t\t\t\t\t<div class=\"elementor-element elementor-element-c0a96b6 elementor-widget elementor-widget-heading\" data-id=\"c0a96b6\" data-element_type=\"widget\" data-e-type=\"widget\" data-widget_type=\"heading.default\">\n\t\t\t\t<div class=\"elementor-widget-container\">\n\t\t\t\t\t<h4 class=\"elementor-heading-title elementor-size-default\">2. Welchen Preisplan w\u00e4hle ich?<\/h4>\t\t\t\t<\/div>\n\t\t\t\t<\/div>\n\t\t\t\t<div class=\"elementor-element elementor-element-b11aeae elementor-widget elementor-widget-text-editor\" data-id=\"b11aeae\" data-element_type=\"widget\" data-e-type=\"widget\" data-widget_type=\"text-editor.default\">\n\t\t\t\t<div class=\"elementor-widget-container\">\n\t\t\t\t\t\t\t\t\t<p>Abh\u00e4ngig von Ihnen als unserem Kunden versuchen wir, Ihren Anforderungen gerecht zu werden, indem wir drei Preisarten f\u00fcr M\u00f6bel anbieten:<\/p><ul><li>Vollst\u00e4ndig m\u00f6bliert, da alles im Haus oder in der Wohnung<\/li><li>Teilm\u00f6bliertes Haus oder Wohnung<\/li><li>\u00dcberhaupt keine M\u00f6bel<\/li><\/ul>\t\t\t\t\t\t\t\t<\/div>\n\t\t\t\t<\/div>\n\t\t\t\t\t<\/div>\n\t\t<\/div>\n\t\t\t\t\t<\/div>\n\t\t<\/section>\n\t\t\t\t<section class=\"elementor-section elementor-top-section elementor-element elementor-element-99169c9 elementor-section-full_width elementor-section-height-default elementor-section-height-default qodef-elementor-content-no\" data-id=\"99169c9\" data-element_type=\"section\" data-e-type=\"section\">\n\t\t\t\t\t\t<div class=\"elementor-container elementor-column-gap-no\">\n\t\t\t\t\t<div class=\"elementor-column elementor-col-100 elementor-top-column elementor-element elementor-element-070db9f\" data-id=\"070db9f\" data-element_type=\"column\" data-e-type=\"column\">\n\t\t\t<div class=\"elementor-widget-wrap elementor-element-populated\">\n\t\t\t\t\t\t<div class=\"elementor-element elementor-element-ade5426 elementor-widget elementor-widget-heading\" data-id=\"ade5426\" data-element_type=\"widget\" data-e-type=\"widget\" data-widget_type=\"heading.default\">\n\t\t\t\t<div class=\"elementor-widget-container\">\n\t\t\t\t\t<h4 class=\"elementor-heading-title elementor-size-default\">3. Wie w\u00e4hlt man die richtigen Villen aus?<\/h4>\t\t\t\t<\/div>\n\t\t\t\t<\/div>\n\t\t\t\t<div class=\"elementor-element elementor-element-8093085 elementor-widget elementor-widget-text-editor\" data-id=\"8093085\" data-element_type=\"widget\" data-e-type=\"widget\" data-widget_type=\"text-editor.default\">\n\t\t\t\t<div class=\"elementor-widget-container\">\n\t\t\t\t\t\t\t\t\t<p>Wir unterst\u00fctzen Sie bei Ihrer Entscheidung und finden f\u00fcr Sie das Haus, das genau Ihren Anspr\u00fcchen entspricht.<br \/>Denken Sie vorher dar\u00fcber nach, wonach Sie suchen, oder beantworten Sie eine einfache Frage wie:<\/p><ul><li>Was ist der Standort, den wir m\u00f6gen<\/li><li>Wie weit vom Meer<\/li><li>Wie weit von der Gro\u00dfstadt<\/li><li>Es muss Meerblick haben oder nicht<\/li><li>Wie viele Schlafzimmer brauchen wir<\/li><li>Modernes oder traditionelles Hausdesign<\/li><li>Werden wir es f\u00fcr die Familie nutzen oder vermieten?<\/li><li>Neu oder gebraucht<\/li><li>Budget<\/li><\/ul>\t\t\t\t\t\t\t\t<\/div>\n\t\t\t\t<\/div>\n\t\t\t\t\t<\/div>\n\t\t<\/div>\n\t\t\t\t\t<\/div>\n\t\t<\/section>\n\t\t\t\t<section class=\"elementor-section elementor-top-section elementor-element elementor-element-f57a620 elementor-section-full_width elementor-section-height-default elementor-section-height-default qodef-elementor-content-no\" data-id=\"f57a620\" data-element_type=\"section\" data-e-type=\"section\">\n\t\t\t\t\t\t<div class=\"elementor-container elementor-column-gap-no\">\n\t\t\t\t\t<div class=\"elementor-column elementor-col-100 elementor-top-column elementor-element elementor-element-7c0ebe4\" data-id=\"7c0ebe4\" data-element_type=\"column\" data-e-type=\"column\">\n\t\t\t<div class=\"elementor-widget-wrap elementor-element-populated\">\n\t\t\t\t\t\t<div class=\"elementor-element elementor-element-15ee333 elementor-widget elementor-widget-heading\" data-id=\"15ee333\" data-element_type=\"widget\" data-e-type=\"widget\" data-widget_type=\"heading.default\">\n\t\t\t\t<div class=\"elementor-widget-container\">\n\t\t\t\t\t<h4 class=\"elementor-heading-title elementor-size-default\">4. Wie lange dauert der Vorgang?<\/h4>\t\t\t\t<\/div>\n\t\t\t\t<\/div>\n\t\t\t\t<div class=\"elementor-element elementor-element-073d96d elementor-widget elementor-widget-text-editor\" data-id=\"073d96d\" data-element_type=\"widget\" data-e-type=\"widget\" data-widget_type=\"text-editor.default\">\n\t\t\t\t<div class=\"elementor-widget-container\">\n\t\t\t\t\t\t\t\t\t<p>Der Vorgang kann zwar an einem Tag abgeschlossen werden, dauert jedoch normalerweise mindestens 30\u201360 Tage.<br \/>Folgendes muss getan werden:<\/p><ul><li>Sammeln aller Hausdokumente<\/li><li>Vorvertragszeichen<\/li><li>Reservierungszahlung<\/li><li>Vertragsunterzeichnung durch Notar<\/li><li>Zahlung<\/li><li>Eintragung im Grundbuchamt<\/li><\/ul>\t\t\t\t\t\t\t\t<\/div>\n\t\t\t\t<\/div>\n\t\t\t\t\t<\/div>\n\t\t<\/div>\n\t\t\t\t\t<\/div>\n\t\t<\/section>\n\t\t\t\t<\/div>","protected":false},"excerpt":{"rendered":"<p>1. How to reach as? K. INVEST d.o.o. Slavonska ulica 33, Novigrad, Istra https:\/\/maps.app.goo.gl\/uAkWoz1L7kbBpzCXA Croatia M: info@k-invest.hr T: +385 98 255 777 2. Which pricing plan do I pick? Depending on you as our client we try do meet your needs by offering three type of pricing by furniture: Fully furnish as all in house [&hellip;]<\/p>\n","protected":false},"author":1,"featured_media":0,"parent":0,"menu_order":0,"comment_status":"closed","ping_status":"closed","template":"","meta":{"footnotes":""},"class_list":["post-1299","page","type-page","status-publish","hentry"],"aioseo_notices":[],"_links":{"self":[{"href":"https:\/\/k-invest.hr\/de\/wp-json\/wp\/v2\/pages\/1299","targetHints":{"allow":["GET"]}}],"collection":[{"href":"https:\/\/k-invest.hr\/de\/wp-json\/wp\/v2\/pages"}],"about":[{"href":"https:\/\/k-invest.hr\/de\/wp-json\/wp\/v2\/types\/page"}],"author":[{"embeddable":true,"href":"https:\/\/k-invest.hr\/de\/wp-json\/wp\/v2\/users\/1"}],"replies":[{"embeddable":true,"href":"https:\/\/k-invest.hr\/de\/wp-json\/wp\/v2\/comments?post=1299"}],"version-history":[{"count":20,"href":"https:\/\/k-invest.hr\/de\/wp-json\/wp\/v2\/pages\/1299\/revisions"}],"predecessor-version":[{"id":13160,"href":"https:\/\/k-invest.hr\/de\/wp-json\/wp\/v2\/pages\/1299\/revisions\/13160"}],"wp:attachment":[{"href":"https:\/\/k-invest.hr\/de\/wp-json\/wp\/v2\/media?parent=1299"}],"curies":[{"name":"wp","href":"https:\/\/api.w.org\/{rel}","templated":true}]}}