{"id":1297,"date":"2020-05-13T09:53:46","date_gmt":"2020-05-13T09:53:46","guid":{"rendered":"https:\/\/hendon.qodeinteractive.com\/?page_id=1297"},"modified":"2025-07-22T18:47:30","modified_gmt":"2025-07-22T18:47:30","slug":"destinaton","status":"publish","type":"page","link":"https:\/\/k-invest.hr\/de\/reiseziel\/","title":{"rendered":"Destination"},"content":{"rendered":"<div data-elementor-type=\"wp-page\" data-elementor-id=\"1297\" class=\"elementor elementor-1297\">\n\t\t\t\t\t\t<section class=\"elementor-section elementor-top-section elementor-element elementor-element-c49f8d9 elementor-section-full_width qodef-elementor-content-grid elementor-section-height-default elementor-section-height-default\" data-id=\"c49f8d9\" data-element_type=\"section\" data-e-type=\"section\">\n\t\t\t\t\t\t<div class=\"elementor-container elementor-column-gap-no\">\n\t\t\t\t\t<div class=\"elementor-column elementor-col-100 elementor-top-column elementor-element elementor-element-23bc82c\" data-id=\"23bc82c\" data-element_type=\"column\" data-e-type=\"column\">\n\t\t\t<div class=\"elementor-widget-wrap elementor-element-populated\">\n\t\t\t\t\t\t<div class=\"elementor-element elementor-element-02da6bc elementor-widget elementor-widget-hendon_core_section_title\" data-id=\"02da6bc\" data-element_type=\"widget\" data-e-type=\"widget\" data-widget_type=\"hendon_core_section_title.default\">\n\t\t\t\t<div class=\"elementor-widget-container\">\n\t\t\t\t\t<div class=\"qodef-shortcode qodef-m  qodef-section-title qodef-alignment--center\">\n\t\t<h2 class=\"qodef-m-title\" >\n\t\t\t\t\tMagisches Istrien\t\t\t<\/h2>\n\t\t<p class=\"qodef-m-text\" >hat diesen Beinamen nicht ohne Grund!<\/p>\n<\/div>\t\t\t\t<\/div>\n\t\t\t\t<\/div>\n\t\t\t\t\t<\/div>\n\t\t<\/div>\n\t\t\t\t\t<\/div>\n\t\t<\/section>\n\t\t\t\t<section class=\"elementor-section elementor-top-section elementor-element elementor-element-0e6bdef elementor-section-full_width qodef-elementor-content-grid elementor-section-height-default elementor-section-height-default\" data-id=\"0e6bdef\" data-element_type=\"section\" data-e-type=\"section\">\n\t\t\t\t\t\t<div class=\"elementor-container elementor-column-gap-no\">\n\t\t\t\t\t<div class=\"elementor-column elementor-col-100 elementor-top-column elementor-element elementor-element-d6f7435\" data-id=\"d6f7435\" data-element_type=\"column\" data-e-type=\"column\">\n\t\t\t<div class=\"elementor-widget-wrap elementor-element-populated\">\n\t\t\t\t\t\t<div class=\"elementor-element elementor-element-1933038 elementor-widget elementor-widget-hendon_core_stacked_images\" data-id=\"1933038\" data-element_type=\"widget\" data-e-type=\"widget\" data-widget_type=\"hendon_core_stacked_images.default\">\n\t\t\t\t<div class=\"elementor-widget-container\">\n\t\t\t\t\t<div class=\"qodef-shortcode qodef-m  qodef-stacked-images qodef-layout--default qodef-image-outline qodef-image-outline-top-right   qodef-stacked-image-right\">\n\t<div class=\"qodef-m-images\" >\n\t\t\t\t\t<img fetchpriority=\"high\" decoding=\"async\" width=\"1000\" height=\"625\" src=\"https:\/\/k-invest.hr\/givohiv\/uploads\/2022\/03\/veralda_1.jpg\" class=\"qodef-e-image qodef--main\" alt=\"\" srcset=\"https:\/\/k-invest.hr\/givohiv\/uploads\/2022\/03\/veralda_1.jpg 1000w, https:\/\/k-invest.hr\/givohiv\/uploads\/2022\/03\/veralda_1-300x188.jpg 300w, https:\/\/k-invest.hr\/givohiv\/uploads\/2022\/03\/veralda_1-768x480.jpg 768w\" sizes=\"(max-width: 1000px) 100vw, 1000px\" \/>\t\t\t\t\n\t\t\t\t\t<div class=\"qodef-stack-image-holder\" style=\"top: 20%;left: 47%\">\n\t\t\t\t<div class=\"qodef-stack-image-holder-inner\">\n\t\t\t\t\t<div class=\"qodef-stack-image-img-holder\">\n\t\t\t\t\t<img decoding=\"async\" width=\"1000\" height=\"625\" src=\"https:\/\/k-invest.hr\/givohiv\/uploads\/2022\/03\/Motovun-1.jpg\" class=\"qodef-e-image qodef--stack\" alt=\"\" srcset=\"https:\/\/k-invest.hr\/givohiv\/uploads\/2022\/03\/Motovun-1.jpg 1000w, https:\/\/k-invest.hr\/givohiv\/uploads\/2022\/03\/Motovun-1-300x188.jpg 300w, https:\/\/k-invest.hr\/givohiv\/uploads\/2022\/03\/Motovun-1-768x480.jpg 768w\" sizes=\"(max-width: 1000px) 100vw, 1000px\" \/>\t\t\t\t\t<\/div>\n\t\t\t\t<\/div>\n\t\t\t<\/div>\n\t\t\n        \t<\/div>\n<\/div>\t\t\t\t<\/div>\n\t\t\t\t<\/div>\n\t\t\t\t\t<\/div>\n\t\t<\/div>\n\t\t\t\t\t<\/div>\n\t\t<\/section>\n\t\t\t\t<section class=\"elementor-section elementor-top-section elementor-element elementor-element-4dbad79 elementor-section-full_width qodef-elementor-content-grid elementor-section-height-default elementor-section-height-default\" data-id=\"4dbad79\" data-element_type=\"section\" data-e-type=\"section\">\n\t\t\t\t\t\t<div class=\"elementor-container elementor-column-gap-no\">\n\t\t\t\t\t<div class=\"elementor-column elementor-col-100 elementor-top-column elementor-element elementor-element-42e4352\" data-id=\"42e4352\" data-element_type=\"column\" data-e-type=\"column\">\n\t\t\t<div class=\"elementor-widget-wrap elementor-element-populated\">\n\t\t\t\t\t\t<div class=\"elementor-element elementor-element-05e78bf elementor-widget elementor-widget-text-editor\" data-id=\"05e78bf\" data-element_type=\"widget\" data-e-type=\"widget\" data-widget_type=\"text-editor.default\">\n\t\t\t\t<div class=\"elementor-widget-container\">\n\t\t\t\t\t\t\t\t\t<p>Istrien wird immer h\u00e4ufiger besucht und ist unter den weltweit beliebtesten Reisezielen, die einen Besuch wert sind. Es ist zu einer wertvollen kulturellen, historischen, nat\u00fcrlichen und gastronomischen Marke geworden. Es ist eine Region, die ihre turbulente Geschichte m\u00fchelos mit modernen Motiven, \u00dcberresten alter Zivilisationen und kulturellen und nat\u00fcrlichen Attraktionen sowie einer Vielzahl echter verborgener Sch\u00e4tze verbindet. Istrien ist auch ein Land der Feen, und wo es Feen gibt, herrscht eine einzigartige Sch\u00f6nheit des Lebens. Diese kleine herzf\u00f6rmige Halbinsel mit ihrer ausgezeichneten geografischen Lage ist \u00e4u\u00dferst gut erreichbar und erfreut zu jeder Jahreszeit gleicherma\u00dfen.<\/p><p>Das Meer umgibt das magische Istrien von drei Seiten und gilt als eines der saubersten der Welt. Das Landesinnere hingegen zeichnet sich durch atemberaubende Naturlandschaften und Aussichtspunkte aus. Der ber\u00fchmteste Ort dieser Art in Istrien ist sicherlich Motovun, eine Stadt unter den Wolken. Klein und charmant, im Herzen Istriens auf einer 277 Meter hohen Festung gelegen, wird Sie mit seinem Farbenreichtum, den atemberaubenden Ausblicken, die sich von unz\u00e4hligen Weinbergterrassen erstrecken, dem wundersch\u00f6nen Tal des Flusses Mirna, dem St.-Markus-Wald, dem gr\u00f6\u00dften Lebensraum f\u00fcr wei\u00dfe Tr\u00fcffel der Welt, der majest\u00e4tischen U\u010dka und dem Meer auf der anderen Seite begeistern.<\/p>\t\t\t\t\t\t\t\t<\/div>\n\t\t\t\t<\/div>\n\t\t\t\t\t<\/div>\n\t\t<\/div>\n\t\t\t\t\t<\/div>\n\t\t<\/section>\n\t\t<div class=\"elementor-element elementor-element-afe31bc e-con-full e-flex e-con e-parent\" data-id=\"afe31bc\" data-element_type=\"container\" data-e-type=\"container\">\n\t\t\t\t<div class=\"elementor-element elementor-element-8739d1e elementor-widget elementor-widget-image\" data-id=\"8739d1e\" data-element_type=\"widget\" data-e-type=\"widget\" data-widget_type=\"image.default\">\n\t\t\t\t<div class=\"elementor-widget-container\">\n\t\t\t\t\t\t\t\t\t\t\t\t\t\t\t<img decoding=\"async\" width=\"1899\" height=\"586\" src=\"https:\/\/k-invest.hr\/givohiv\/uploads\/2025\/07\/bicikle-1.jpg\" class=\"attachment-full size-full wp-image-13085\" alt=\"\" srcset=\"https:\/\/k-invest.hr\/givohiv\/uploads\/2025\/07\/bicikle-1.jpg 1899w, https:\/\/k-invest.hr\/givohiv\/uploads\/2025\/07\/bicikle-1-300x93.jpg 300w, https:\/\/k-invest.hr\/givohiv\/uploads\/2025\/07\/bicikle-1-1024x316.jpg 1024w, https:\/\/k-invest.hr\/givohiv\/uploads\/2025\/07\/bicikle-1-768x237.jpg 768w, https:\/\/k-invest.hr\/givohiv\/uploads\/2025\/07\/bicikle-1-1536x474.jpg 1536w, https:\/\/k-invest.hr\/givohiv\/uploads\/2025\/07\/bicikle-1-18x6.jpg 18w\" sizes=\"(max-width: 1899px) 100vw, 1899px\" \/>\t\t\t\t\t\t\t\t\t\t\t\t\t\t\t<\/div>\n\t\t\t\t<\/div>\n\t\t\t\t<\/div>\n\t\t\t\t<section class=\"elementor-section elementor-top-section elementor-element elementor-element-3ba58b1 elementor-section-full_width qodef-elementor-content-grid elementor-section-height-default elementor-section-height-default\" data-id=\"3ba58b1\" data-element_type=\"section\" data-e-type=\"section\">\n\t\t\t\t\t\t<div class=\"elementor-container elementor-column-gap-no\">\n\t\t\t\t\t<div class=\"elementor-column elementor-col-100 elementor-top-column elementor-element elementor-element-217a9ec\" data-id=\"217a9ec\" data-element_type=\"column\" data-e-type=\"column\">\n\t\t\t<div class=\"elementor-widget-wrap elementor-element-populated\">\n\t\t\t\t\t\t<div class=\"elementor-element elementor-element-5b947af elementor-widget elementor-widget-text-editor\" data-id=\"5b947af\" data-element_type=\"widget\" data-e-type=\"widget\" data-widget_type=\"text-editor.default\">\n\t\t\t\t<div class=\"elementor-widget-container\">\n\t\t\t\t\t\t\t\t\t<p>Auf der Meerseite liegt Rovinj, eine der romantischsten St\u00e4dte der Welt, die Sie mit ihren engen Gassen, farbenfrohen H\u00e4usern und dem Duft lokaler Speisen am Meer immer wieder begeistern wird, unter dem wachsamen Auge der Schutzpatronin der Stadt, der Heiligen Euphemia, deren Statue auf dem Kirchturm stolz \u00fcber der Stadt thront und ihr einen erlesenen mittelalterlichen Anblick verleiht.<\/p><p>Als Land der Wunder und \u00fcbernat\u00fcrlichen Natursch\u00f6nheiten wird Istrien zunehmend zu einem unverzichtbaren Reiseziel f\u00fcr Liebhaber von Abenteuern auf zwei R\u00e4dern. Wenn Sie Istrien mit dem Fahrrad erkunden, erleben Sie all seine Reize am besten, indem Sie Ihre eigenen gr\u00fcnen Wege und Pfade mit unz\u00e4hligen nat\u00fcrlichen oder gastronomischen Orten zum Ausruhen und Entspannen w\u00e4hlen.<\/p><p>Sie werden den Zauber der mediterranen Atmosph\u00e4re in Istrien durch Ihren verfeinerten Gaumen sp\u00fcren und mit jedem Bissen davon \u00fcberzeugt sein, dass Istrien ein wahres gastronomisches Paradies ist. Heute sind in Istrien Volks- und Luxusk\u00fcche so miteinander verflochten, dass traditionelle Ikonen wie authentische Formen von Pasta, Schalentieren, Fisch und Meeresfr\u00fcchten, Spargel, Schinken, K\u00e4se, Wild und der unvermeidliche istrische Tr\u00fcffel eine besondere Dosis an Raffinesse von Geschmack und Aroma verleihen. <\/p>\t\t\t\t\t\t\t\t<\/div>\n\t\t\t\t<\/div>\n\t\t\t\t\t<\/div>\n\t\t<\/div>\n\t\t\t\t\t<\/div>\n\t\t<\/section>\n\t\t\t\t<section class=\"elementor-section elementor-top-section elementor-element elementor-element-29d9dcb elementor-section-full_width qodef-elementor-content-grid elementor-section-height-default elementor-section-height-default\" data-id=\"29d9dcb\" data-element_type=\"section\" data-e-type=\"section\">\n\t\t\t\t\t\t<div class=\"elementor-container elementor-column-gap-no\">\n\t\t\t\t\t<div class=\"elementor-column elementor-col-100 elementor-top-column elementor-element elementor-element-a7e36bd\" data-id=\"a7e36bd\" data-element_type=\"column\" data-e-type=\"column\">\n\t\t\t<div class=\"elementor-widget-wrap elementor-element-populated\">\n\t\t\t\t\t\t<div class=\"elementor-element elementor-element-d7b86c0 elementor-widget elementor-widget-hendon_core_stacked_images\" data-id=\"d7b86c0\" data-element_type=\"widget\" data-e-type=\"widget\" data-widget_type=\"hendon_core_stacked_images.default\">\n\t\t\t\t<div class=\"elementor-widget-container\">\n\t\t\t\t\t<div class=\"qodef-shortcode qodef-m  qodef-stacked-images qodef-layout--default qodef-image-outline qodef-image-outline-top-right   qodef-stacked-image-right\">\n\t<div class=\"qodef-m-images\" >\n\t\t\t\t\t<img loading=\"lazy\" decoding=\"async\" width=\"1000\" height=\"625\" src=\"https:\/\/k-invest.hr\/givohiv\/uploads\/2022\/03\/Wine-Croatia-2.jpg\" class=\"qodef-e-image qodef--main\" alt=\"\" srcset=\"https:\/\/k-invest.hr\/givohiv\/uploads\/2022\/03\/Wine-Croatia-2.jpg 1000w, https:\/\/k-invest.hr\/givohiv\/uploads\/2022\/03\/Wine-Croatia-2-300x188.jpg 300w, https:\/\/k-invest.hr\/givohiv\/uploads\/2022\/03\/Wine-Croatia-2-768x480.jpg 768w\" sizes=\"(max-width: 1000px) 100vw, 1000px\" \/>\t\t\t\t\n\t\t\t\t\t<div class=\"qodef-stack-image-holder\" style=\"top: 10%;left: 45%\">\n\t\t\t\t<div class=\"qodef-stack-image-holder-inner\">\n\t\t\t\t\t<div class=\"qodef-stack-image-img-holder\">\n\t\t\t\t\t<img loading=\"lazy\" decoding=\"async\" width=\"1000\" height=\"625\" src=\"https:\/\/k-invest.hr\/givohiv\/uploads\/2022\/03\/tartufi.jpg\" class=\"qodef-e-image qodef--stack\" alt=\"\" srcset=\"https:\/\/k-invest.hr\/givohiv\/uploads\/2022\/03\/tartufi.jpg 1000w, https:\/\/k-invest.hr\/givohiv\/uploads\/2022\/03\/tartufi-300x188.jpg 300w, https:\/\/k-invest.hr\/givohiv\/uploads\/2022\/03\/tartufi-768x480.jpg 768w\" sizes=\"(max-width: 1000px) 100vw, 1000px\" \/>\t\t\t\t\t<\/div>\n\t\t\t\t<\/div>\n\t\t\t<\/div>\n\t\t\n        \t<\/div>\n<\/div>\t\t\t\t<\/div>\n\t\t\t\t<\/div>\n\t\t\t\t<div class=\"elementor-element elementor-element-63e637a elementor-widget elementor-widget-text-editor\" data-id=\"63e637a\" data-element_type=\"widget\" data-e-type=\"widget\" data-widget_type=\"text-editor.default\">\n\t\t\t\t<div class=\"elementor-widget-container\">\n\t\t\t\t\t\t\t\t\t<p>Erg\u00e4nzt durch erstklassige native Oliven\u00f6le extra, die seit vielen Jahren auf der Weltkarte als die besten der Welt aufgef\u00fchrt sind, macht jedes istrische Gericht das Festival zu einem echten Geschmackserlebnis Istriens. Es ist unvollst\u00e4ndig ohne ein paar Tropfen Gold, einen Tropfen erstklassigen istrischen Weins. Die tausendj\u00e4hrige Tradition des Anbaus dieser edlen Pflanze hat Istrien an die Spitze der weltweiten Weinherstellung gebracht, mit Weinen, genau wie sie sein sollten, von au\u00dfergew\u00f6hnlicher Qualit\u00e4t, Aroma und Geschmack der Region und wertvollen H\u00e4nden des Landes, in dem sie hergestellt wurden. Teran, Malvasia oder Muskat runden jedes gastronomische Erlebnis dieser herrlichen Ecke des Landes ab.<\/p><p>Ein Hauch von Tradition und Luxus, Mehrsprachigkeit, au\u00dfergew\u00f6hnliche Herzlichkeit der Bev\u00f6lkerung, kulinarische Gen\u00fcsse und nat\u00fcrliche Sch\u00f6nheit machen Istrien nicht nur zu einem Ort, den Sie unbedingt besuchen m\u00fcssen, sondern zu einem Ort der Inspiration, an dem Sie unbedingt Ihre eigene Ecke haben sollten.<\/p>\t\t\t\t\t\t\t\t<\/div>\n\t\t\t\t<\/div>\n\t\t\t\t<div class=\"elementor-element elementor-element-6768fc1 elementor-hidden-tablet elementor-hidden-mobile elementor-widget elementor-widget-image\" data-id=\"6768fc1\" data-element_type=\"widget\" data-e-type=\"widget\" data-widget_type=\"image.default\">\n\t\t\t\t<div class=\"elementor-widget-container\">\n\t\t\t\t\t\t\t\t\t\t\t\t\t\t\t<img loading=\"lazy\" decoding=\"async\" width=\"1920\" height=\"287\" src=\"https:\/\/k-invest.hr\/givohiv\/uploads\/2022\/03\/ulje.jpg\" class=\"attachment-full size-full wp-image-3803\" alt=\"\" srcset=\"https:\/\/k-invest.hr\/givohiv\/uploads\/2022\/03\/ulje.jpg 1920w, https:\/\/k-invest.hr\/givohiv\/uploads\/2022\/03\/ulje-300x45.jpg 300w, https:\/\/k-invest.hr\/givohiv\/uploads\/2022\/03\/ulje-1024x153.jpg 1024w, https:\/\/k-invest.hr\/givohiv\/uploads\/2022\/03\/ulje-768x115.jpg 768w, https:\/\/k-invest.hr\/givohiv\/uploads\/2022\/03\/ulje-1536x230.jpg 1536w\" sizes=\"(max-width: 1920px) 100vw, 1920px\" \/>\t\t\t\t\t\t\t\t\t\t\t\t\t\t\t<\/div>\n\t\t\t\t<\/div>\n\t\t\t\t\t<\/div>\n\t\t<\/div>\n\t\t\t\t\t<\/div>\n\t\t<\/section>\n\t\t\t\t<section class=\"elementor-section elementor-top-section elementor-element elementor-element-90e875d elementor-section-full_width elementor-section-content-middle elementor-hidden-desktop elementor-section-height-default elementor-section-height-default qodef-elementor-content-no\" data-id=\"90e875d\" data-element_type=\"section\" data-e-type=\"section\">\n\t\t\t\t\t\t<div class=\"elementor-container elementor-column-gap-default\">\n\t\t\t\t\t<div class=\"elementor-column elementor-col-100 elementor-top-column elementor-element elementor-element-4df5e3d\" data-id=\"4df5e3d\" data-element_type=\"column\" data-e-type=\"column\">\n\t\t\t<div class=\"elementor-widget-wrap elementor-element-populated\">\n\t\t\t\t\t\t<div class=\"elementor-element elementor-element-bcf96b0 elementor-widget elementor-widget-image\" data-id=\"bcf96b0\" data-element_type=\"widget\" data-e-type=\"widget\" data-widget_type=\"image.default\">\n\t\t\t\t<div class=\"elementor-widget-container\">\n\t\t\t\t\t\t\t\t\t\t\t\t\t\t\t<img loading=\"lazy\" decoding=\"async\" width=\"1000\" height=\"667\" src=\"https:\/\/k-invest.hr\/givohiv\/uploads\/2022\/03\/olive-oil.jpg\" class=\"attachment-large size-large wp-image-4115\" alt=\"\" srcset=\"https:\/\/k-invest.hr\/givohiv\/uploads\/2022\/03\/olive-oil.jpg 1000w, https:\/\/k-invest.hr\/givohiv\/uploads\/2022\/03\/olive-oil-300x200.jpg 300w, https:\/\/k-invest.hr\/givohiv\/uploads\/2022\/03\/olive-oil-768x512.jpg 768w\" sizes=\"(max-width: 1000px) 100vw, 1000px\" \/>\t\t\t\t\t\t\t\t\t\t\t\t\t\t\t<\/div>\n\t\t\t\t<\/div>\n\t\t\t\t\t<\/div>\n\t\t<\/div>\n\t\t\t\t\t<\/div>\n\t\t<\/section>\n\t\t\t\t<\/div>","protected":false},"excerpt":{"rendered":"<p>Magical Istria has this epithet for a reason! Increasingly visited and popular, ranked among the world&#8217;s top destinations worth visiting, Istria has become a valuable cultural, historical, natural and gastronomic brand. It is a region that easily intertwines its turbulent history with modern motifs, remnants of ancient civilizations and cultural and natural attractions, and a [&hellip;]<\/p>\n","protected":false},"author":1,"featured_media":0,"parent":0,"menu_order":0,"comment_status":"closed","ping_status":"closed","template":"page-full-width.php","meta":{"footnotes":""},"class_list":["post-1297","page","type-page","status-publish","hentry"],"aioseo_notices":[],"_links":{"self":[{"href":"https:\/\/k-invest.hr\/de\/wp-json\/wp\/v2\/pages\/1297","targetHints":{"allow":["GET"]}}],"collection":[{"href":"https:\/\/k-invest.hr\/de\/wp-json\/wp\/v2\/pages"}],"about":[{"href":"https:\/\/k-invest.hr\/de\/wp-json\/wp\/v2\/types\/page"}],"author":[{"embeddable":true,"href":"https:\/\/k-invest.hr\/de\/wp-json\/wp\/v2\/users\/1"}],"replies":[{"embeddable":true,"href":"https:\/\/k-invest.hr\/de\/wp-json\/wp\/v2\/comments?post=1297"}],"version-history":[{"count":81,"href":"https:\/\/k-invest.hr\/de\/wp-json\/wp\/v2\/pages\/1297\/revisions"}],"predecessor-version":[{"id":13088,"href":"https:\/\/k-invest.hr\/de\/wp-json\/wp\/v2\/pages\/1297\/revisions\/13088"}],"wp:attachment":[{"href":"https:\/\/k-invest.hr\/de\/wp-json\/wp\/v2\/media?parent=1297"}],"curies":[{"name":"wp","href":"https:\/\/api.w.org\/{rel}","templated":true}]}}