{"id":1172,"date":"2020-05-12T08:32:30","date_gmt":"2020-05-12T08:32:30","guid":{"rendered":"https:\/\/hendon.qodeinteractive.com\/?page_id=1172"},"modified":"2022-05-06T12:28:26","modified_gmt":"2022-05-06T12:28:26","slug":"about-us","status":"publish","type":"page","link":"https:\/\/k-invest.hr\/de\/about-us\/","title":{"rendered":"\u00dcber uns"},"content":{"rendered":"<div data-elementor-type=\"wp-page\" data-elementor-id=\"1172\" class=\"elementor elementor-1172\" data-elementor-post-type=\"page\">\n\t\t\t\t\t\t<section class=\"elementor-section elementor-top-section elementor-element elementor-element-f7d0850 elementor-section-boxed elementor-section-height-default elementor-section-height-default qodef-elementor-content-no\" data-id=\"f7d0850\" data-element_type=\"section\" data-e-type=\"section\">\n\t\t\t\t\t\t<div class=\"elementor-container elementor-column-gap-default\">\n\t\t\t\t\t<div class=\"elementor-column elementor-col-50 elementor-top-column elementor-element elementor-element-3bbec2d\" data-id=\"3bbec2d\" data-element_type=\"column\" data-e-type=\"column\">\n\t\t\t<div class=\"elementor-widget-wrap elementor-element-populated\">\n\t\t\t\t\t\t<div class=\"elementor-element elementor-element-6486497 elementor-widget elementor-widget-text-editor\" data-id=\"6486497\" data-element_type=\"widget\" data-e-type=\"widget\" data-widget_type=\"text-editor.default\">\n\t\t\t\t<div class=\"elementor-widget-container\">\n\t\t\t\t\t\t\t\t\t<p>Wir sind ein Unternehmen, das sich auf den Bau, die Entwicklung und den Verkauf hochwertiger Immobilien an der Westk\u00fcste der istrischen Halbinsel spezialisiert hat. Wir bestehen aus einem erfahrenen und professionellen Expertenteam und sind ein direkter Nachkomme des angesehenen istrischen Bauunternehmens \u201eIstrakop\u201c Ltd. mit 40 Jahren Berufserfahrung.<\/p><p>Motiviert durch unsere eigene 14-j\u00e4hrige Erfahrung, den immer anspruchsvolleren Markt und vor allem durch die W\u00fcnsche und Bed\u00fcrfnisse unserer Kunden konzentrieren wir all unsere Bem\u00fchungen darauf, Ihr neues, naturverbundenes Zuhause in Istrien zu finden.<\/p><p>Unsere grundlegende Mission besteht darin, unseren gesch\u00e4tzten Kunden einen umfassenden Immobilieninvestitionsservice zu bieten, unter anderem mit Luxusvillen zum Verkauf. Mit Erfahrung und Qualit\u00e4t begleiten wir Sie bei jedem Schritt von der Beratung und Projektvorbereitung bis hin zum Kauf- und Instandhaltungsprozess der Immobilie, einschlie\u00dflich Sicherheitsinspektionen mit verf\u00fcgbaren Berichten.<\/p><p>\u00a0<\/p>\t\t\t\t\t\t\t\t<\/div>\n\t\t\t\t<\/div>\n\t\t\t\t\t<\/div>\n\t\t<\/div>\n\t\t\t\t<div class=\"elementor-column elementor-col-50 elementor-top-column elementor-element elementor-element-bd163f8\" data-id=\"bd163f8\" data-element_type=\"column\" data-e-type=\"column\">\n\t\t\t<div class=\"elementor-widget-wrap elementor-element-populated\">\n\t\t\t\t\t\t<div class=\"elementor-element elementor-element-d9b6565 elementor-widget elementor-widget-image\" data-id=\"d9b6565\" data-element_type=\"widget\" data-e-type=\"widget\" data-widget_type=\"image.default\">\n\t\t\t\t<div class=\"elementor-widget-container\">\n\t\t\t\t\t\t\t\t\t\t\t\t\t\t\t<img decoding=\"async\" src=\"https:\/\/k-invest.hr\/givohiv\/uploads\/elementor\/thumbs\/logo-k-invest-kontraA-pkjte40y2q13mwdoeul1qz0anhnqrlf631p8pdmc0s.png\" title=\"logo k-invest kontraA\" alt=\"logo k-invest kontraA\" loading=\"lazy\" \/>\t\t\t\t\t\t\t\t\t\t\t\t\t\t\t<\/div>\n\t\t\t\t<\/div>\n\t\t\t\t<div class=\"elementor-element elementor-element-9ca6505 elementor-widget elementor-widget-heading\" data-id=\"9ca6505\" data-element_type=\"widget\" data-e-type=\"widget\" data-widget_type=\"heading.default\">\n\t\t\t\t<div class=\"elementor-widget-container\">\n\t\t\t\t\t<h2 class=\"elementor-heading-title elementor-size-default\">k-invest DOO<\/h2>\t\t\t\t<\/div>\n\t\t\t\t<\/div>\n\t\t\t\t<div class=\"elementor-element elementor-element-20589e7 elementor-widget elementor-widget-text-editor\" data-id=\"20589e7\" data-element_type=\"widget\" data-e-type=\"widget\" data-widget_type=\"text-editor.default\">\n\t\t\t\t<div class=\"elementor-widget-container\">\n\t\t\t\t\t\t\t\t\t<p class=\"qodef-e-title\"><span style=\"color: #d7926b;\">A<\/span>: <a href=\"https:\/\/www.google.com\/maps\/place\/Ul.+Branka+Fu%C4%8Di%C4%87a+2,+52466,+Novigrad\/@45.3247328,13.5683589,778m\/data=!3m2!1e3!4b1!4m5!3m4!1s0x477c9c0ba712f723:0x8f11aebc2331a3e3!8m2!3d45.324729!4d13.5705476!5m1!1e4\" target=\"_self\"><span class=\"qodef-e-title-inner\"><span class=\"qodef-e-title-text\">Branka Fu\u010di\u0107a 2a<\/span> <\/span> <\/a><\/p><p class=\"qodef-e-title\"><span style=\"color: #d7926b;\">M<\/span>: <a href=\"mailto:info@k-invest.hr\" target=\"_self\"><span class=\"qodef-e-title-inner\"><span class=\"qodef-e-title-text\">info@k-invest.hr<\/span><\/span><\/a><\/p><p class=\"qodef-e-title\"><span style=\"color: #d7926b;\">T<\/span>: <a href=\"tel:%20+38598255777\" target=\"_self\"><span class=\"qodef-e-title-inner\"><span class=\"qodef-e-title-text\">+385 98 255 777<\/span> <\/span> <\/a><\/p><p class=\"qodef-e-title\"><span style=\"color: #d7926b;\">OIB:<\/span>: <span class=\"qodef-e-title-inner\"><span class=\"qodef-e-title-text\">27452460207<\/span> <\/span><\/p>\t\t\t\t\t\t\t\t<\/div>\n\t\t\t\t<\/div>\n\t\t\t\t<div class=\"elementor-element elementor-element-999c67e elementor-shape-circle elementor-grid-0 e-grid-align-center elementor-widget elementor-widget-social-icons\" data-id=\"999c67e\" data-element_type=\"widget\" data-e-type=\"widget\" data-widget_type=\"social-icons.default\">\n\t\t\t\t<div class=\"elementor-widget-container\">\n\t\t\t\t\t\t\t<div class=\"elementor-social-icons-wrapper elementor-grid\" role=\"list\">\n\t\t\t\t\t\t\t<span class=\"elementor-grid-item\" role=\"listitem\">\n\t\t\t\t\t<a class=\"elementor-icon elementor-social-icon elementor-social-icon-facebook elementor-repeater-item-2765166\" href=\"https:\/\/www.facebook.com\/istravillas\" target=\"_blank\">\n\t\t\t\t\t\t<span class=\"elementor-screen-only\">Facebook<\/span>\n\t\t\t\t\t\t<i aria-hidden=\"true\" class=\"fab fa-facebook\"><\/i>\t\t\t\t\t<\/a>\n\t\t\t\t<\/span>\n\t\t\t\t\t\t\t<span class=\"elementor-grid-item\" role=\"listitem\">\n\t\t\t\t\t<a class=\"elementor-icon elementor-social-icon elementor-social-icon-instagram elementor-repeater-item-5b1d865\" href=\"https:\/\/www.instagram.com\/istravillas\/\" target=\"_blank\">\n\t\t\t\t\t\t<span class=\"elementor-screen-only\">Instagram<\/span>\n\t\t\t\t\t\t<i aria-hidden=\"true\" class=\"fab fa-instagram\"><\/i>\t\t\t\t\t<\/a>\n\t\t\t\t<\/span>\n\t\t\t\t\t\t\t<span class=\"elementor-grid-item\" role=\"listitem\">\n\t\t\t\t\t<a class=\"elementor-icon elementor-social-icon elementor-social-icon-youtube elementor-repeater-item-fb4f7cb\" href=\"https:\/\/www.youtube.com\/channel\/UCwwb0lK7J5kPK8Ckgc1ybSA\" target=\"_blank\">\n\t\t\t\t\t\t<span class=\"elementor-screen-only\">Youtube<\/span>\n\t\t\t\t\t\t<i aria-hidden=\"true\" class=\"fab fa-youtube\"><\/i>\t\t\t\t\t<\/a>\n\t\t\t\t<\/span>\n\t\t\t\t\t\t\t<span class=\"elementor-grid-item\" role=\"listitem\">\n\t\t\t\t\t<a class=\"elementor-icon elementor-social-icon elementor-social-icon-linkedin elementor-repeater-item-c670628\" href=\"https:\/\/www.linkedin.com\/authwall?trk=bf&#038;trkInfo=AQFdI8aqlk1BnQAAAX9uQTbQP1yPFaLsBThDAVS3WOebLtpCZMWDkLWSgXeNoI10e7tUHTHhBk86kRJ2yRCu9hYySIQfbjlb6AJm6ZgCr0ElmW5LlCO3t-mH6pHeu_s8IwzILVI=&#038;originalReferer=&#038;sessionRedirect=https%3A%2F%2Fwww.linkedin.com%2Fin%2Fk-invest\" target=\"_blank\">\n\t\t\t\t\t\t<span class=\"elementor-screen-only\">Linkedin<\/span>\n\t\t\t\t\t\t<i aria-hidden=\"true\" class=\"fab fa-linkedin\"><\/i>\t\t\t\t\t<\/a>\n\t\t\t\t<\/span>\n\t\t\t\t\t<\/div>\n\t\t\t\t\t\t<\/div>\n\t\t\t\t<\/div>\n\t\t\t\t\t<\/div>\n\t\t<\/div>\n\t\t\t\t\t<\/div>\n\t\t<\/section>\n\t\t\t\t<section class=\"elementor-section elementor-top-section elementor-element elementor-element-916d3c4 elementor-reverse-mobile elementor-section-boxed elementor-section-height-default elementor-section-height-default qodef-elementor-content-no\" data-id=\"916d3c4\" data-element_type=\"section\" data-e-type=\"section\">\n\t\t\t\t\t\t<div class=\"elementor-container elementor-column-gap-default\">\n\t\t\t\t\t<div class=\"elementor-column elementor-col-100 elementor-top-column elementor-element elementor-element-a282b48\" data-id=\"a282b48\" data-element_type=\"column\" data-e-type=\"column\">\n\t\t\t<div class=\"elementor-widget-wrap elementor-element-populated\">\n\t\t\t\t\t\t<div class=\"elementor-element elementor-element-fa6392b elementor-widget elementor-widget-text-editor\" data-id=\"fa6392b\" data-element_type=\"widget\" data-e-type=\"widget\" data-widget_type=\"text-editor.default\">\n\t\t\t\t<div class=\"elementor-widget-container\">\n\t\t\t\t\t\t\t\t\t<p>Als Familienunternehmen begegnen wir jedem Kunden vollkommen transparent und in einer freundlichen und famili\u00e4ren Atmosph\u00e4re. Unser erfolgreiches Team aus Architekten, Designern, Planern und Bauherren hat seine Kr\u00e4fte und sein Wissen geb\u00fcndelt, um sicherzustellen, dass die Bed\u00fcrfnisse unserer Kunden jederzeit im Mittelpunkt aller Projekte stehen. Alle unsere Immobilien zeichnen sich durch ihr modernes, in die Umgebung integriertes Design und die Verwendung von Materialien von au\u00dfergew\u00f6hnlicher Qualit\u00e4t aus. Daher wurden alle unsere Projekte gem\u00e4\u00df den h\u00f6chsten festgelegten Standards abgeschlossen, und mit Ihnen als unseren Kunden ist jede unserer Gesch\u00e4ftsgeschichten erfolgreich!<\/p>\t\t\t\t\t\t\t\t<\/div>\n\t\t\t\t<\/div>\n\t\t\t\t\t<\/div>\n\t\t<\/div>\n\t\t\t\t\t<\/div>\n\t\t<\/section>\n\t\t\t\t<\/div>","protected":false},"excerpt":{"rendered":"<p>We are a company specializing in construction, development and sale of high-end real estate on the west coast of the Istrian peninsula. Composed of an experienced and professional team of experts, we were born as a direct descendant of the respectable Istrian construction company &#8220;Istrakop&#8221; Ltd. with 40 years of experience in the profession. Motivated [&hellip;]<\/p>\n","protected":false},"author":1,"featured_media":0,"parent":0,"menu_order":0,"comment_status":"closed","ping_status":"closed","template":"page-full-width.php","meta":{"footnotes":""},"class_list":["post-1172","page","type-page","status-publish","hentry"],"aioseo_notices":[],"_links":{"self":[{"href":"https:\/\/k-invest.hr\/de\/wp-json\/wp\/v2\/pages\/1172","targetHints":{"allow":["GET"]}}],"collection":[{"href":"https:\/\/k-invest.hr\/de\/wp-json\/wp\/v2\/pages"}],"about":[{"href":"https:\/\/k-invest.hr\/de\/wp-json\/wp\/v2\/types\/page"}],"author":[{"embeddable":true,"href":"https:\/\/k-invest.hr\/de\/wp-json\/wp\/v2\/users\/1"}],"replies":[{"embeddable":true,"href":"https:\/\/k-invest.hr\/de\/wp-json\/wp\/v2\/comments?post=1172"}],"version-history":[{"count":36,"href":"https:\/\/k-invest.hr\/de\/wp-json\/wp\/v2\/pages\/1172\/revisions"}],"predecessor-version":[{"id":7416,"href":"https:\/\/k-invest.hr\/de\/wp-json\/wp\/v2\/pages\/1172\/revisions\/7416"}],"wp:attachment":[{"href":"https:\/\/k-invest.hr\/de\/wp-json\/wp\/v2\/media?parent=1172"}],"curies":[{"name":"wp","href":"https:\/\/api.w.org\/{rel}","templated":true}]}}